{"id":2,"date":"2013-11-16T18:47:17","date_gmt":"2013-11-16T17:47:17","guid":{"rendered":"http:\/\/scuole.portaleragazzi.it\/vittorinodafeltre-4a\/?page_id=2"},"modified":"2025-12-16T08:41:34","modified_gmt":"2025-12-16T07:41:34","slug":"ci-presentiamo","status":"publish","type":"page","link":"https:\/\/scuole.portaleragazzi.it\/vittorinodafeltre-4a\/ci-presentiamo\/","title":{"rendered":"Ci presentiamo&#8230;"},"content":{"rendered":"\n<p class=\"wp-block-paragraph\">BELLA BLOG: la nostra classe.<\/p>\n\n\n\n<p class=\"wp-block-paragraph\">Cari lettori e lettrici vi presentiamo la nostra classe.<br>Siamo la 4a della Vittorino da Feltre, dell&#8217;Istituto Comprensivo Puccini, che si trova a Ponte a Ema.<br>Quest&#8217;anno nel nostro gruppo si sono aggiunti due nuovi bambini e siamo in 21, 14 femmine e soli 7 maschi!<br>La scuola \u00e8 stata ristrutturata e le aule sono diventate pi\u00f9 belle, con arredi nuovissimi, come l&#8217;aula di scienze, l&#8217;aula creativa e la biblioteca. In quest&#8217;ultima c&#8217;\u00e8 addirittura l&#8217;angolo morbido, cio\u00e8 un luogo in cui ci sono tanti cuscini di varie forme, morbidi e colorati dove, dopo esserci tolto le scarpe, andiamo a leggere libri e fumetti.<br>Abbiamo un bellissimo orto dove coltiviamo: fave, carote, grano, cavolo nero, ravanelli,\u2026<br>Abbiamo due maestre: Rita e Camilla e due maestri: Roberto e Andrea.<br>Quest&#8217;anno le nostre maestre hanno avuto dei problemi familiari e noi siamo qui per sostenerle perch\u00e9 vogliamo loro tantissimo bene e ce ne vogliono tanto anche loro.<br>Ogni anno facciamo il mercatino di Chicco che serve per raccogliere fondi per sostenere le borse di studio di dottori che ricercano delle cure per le malattie nefrologiche rare nei bambini.<br>Ora vi elenchiamo le cose che ci piacciono: le gite, la pizza, la ricreazione e anche studiare.<br>La storia in quarta sta diventando sempre pi\u00f9 bella e interessante e anche le scienze e la geografia.<br>Le nostre maestre ci dicono che siamo veramente bravi e impariamo in fretta. Siamo sempre pi\u00f9 concentrati e veloci, pi\u00f9 bravi a scrivere e leggere.<br>Siamo molto fortunati perch\u00e9 la nostra scuola \u00e8 circondata dalla natura e dagli animali.<br>Adesso vi salutiamo e\u2026 Buona lettura, seguiteci!<\/p>\n\n\n\n<figure class=\"wp-block-image size-large\"><a href=\"https:\/\/scuole.portaleragazzi.it\/vittorinodafeltre-4a\/files\/testata_4a_vittorino-25_26-1.jpg\"><img loading=\"lazy\" decoding=\"async\" width=\"780\" height=\"1024\" src=\"https:\/\/scuole.portaleragazzi.it\/vittorinodafeltre-4a\/files\/testata_4a_vittorino-25_26-1-780x1024.jpg\" alt=\"\" class=\"wp-image-1656\" srcset=\"https:\/\/scuole.portaleragazzi.it\/vittorinodafeltre-4a\/files\/testata_4a_vittorino-25_26-1-780x1024.jpg 780w, https:\/\/scuole.portaleragazzi.it\/vittorinodafeltre-4a\/files\/testata_4a_vittorino-25_26-1-229x300.jpg 229w, https:\/\/scuole.portaleragazzi.it\/vittorinodafeltre-4a\/files\/testata_4a_vittorino-25_26-1-768x1008.jpg 768w, https:\/\/scuole.portaleragazzi.it\/vittorinodafeltre-4a\/files\/testata_4a_vittorino-25_26-1.jpg 800w\" sizes=\"auto, (max-width: 780px) 100vw, 780px\" \/><\/a><\/figure>\n\n\n\n<figure class=\"wp-block-image size-full\"><a href=\"https:\/\/scuole.portaleragazzi.it\/vittorinodafeltre-4a\/files\/testata_4a_vittorino-25_26-2.jpg\"><img loading=\"lazy\" decoding=\"async\" width=\"800\" height=\"570\" src=\"https:\/\/scuole.portaleragazzi.it\/vittorinodafeltre-4a\/files\/testata_4a_vittorino-25_26-2.jpg\" alt=\"\" class=\"wp-image-1657\" srcset=\"https:\/\/scuole.portaleragazzi.it\/vittorinodafeltre-4a\/files\/testata_4a_vittorino-25_26-2.jpg 800w, https:\/\/scuole.portaleragazzi.it\/vittorinodafeltre-4a\/files\/testata_4a_vittorino-25_26-2-300x214.jpg 300w, https:\/\/scuole.portaleragazzi.it\/vittorinodafeltre-4a\/files\/testata_4a_vittorino-25_26-2-768x547.jpg 768w\" sizes=\"auto, (max-width: 800px) 100vw, 800px\" \/><\/a><\/figure>\n\n\n\n<figure class=\"wp-block-image size-full\"><a href=\"https:\/\/scuole.portaleragazzi.it\/vittorinodafeltre-4a\/files\/testata_4a_vittorino-25_26-3.jpg\"><img loading=\"lazy\" decoding=\"async\" width=\"800\" height=\"561\" src=\"https:\/\/scuole.portaleragazzi.it\/vittorinodafeltre-4a\/files\/testata_4a_vittorino-25_26-3.jpg\" alt=\"\" class=\"wp-image-1658\" srcset=\"https:\/\/scuole.portaleragazzi.it\/vittorinodafeltre-4a\/files\/testata_4a_vittorino-25_26-3.jpg 800w, https:\/\/scuole.portaleragazzi.it\/vittorinodafeltre-4a\/files\/testata_4a_vittorino-25_26-3-300x210.jpg 300w, https:\/\/scuole.portaleragazzi.it\/vittorinodafeltre-4a\/files\/testata_4a_vittorino-25_26-3-768x539.jpg 768w, https:\/\/scuole.portaleragazzi.it\/vittorinodafeltre-4a\/files\/testata_4a_vittorino-25_26-3-358x250.jpg 358w\" sizes=\"auto, (max-width: 800px) 100vw, 800px\" \/><\/a><\/figure>\n\n\n\n<figure class=\"wp-block-image size-full\"><a href=\"https:\/\/scuole.portaleragazzi.it\/vittorinodafeltre-4a\/files\/testata_4a_vittorino-25_26-4.jpg\"><img loading=\"lazy\" decoding=\"async\" width=\"800\" height=\"563\" src=\"https:\/\/scuole.portaleragazzi.it\/vittorinodafeltre-4a\/files\/testata_4a_vittorino-25_26-4.jpg\" alt=\"\" class=\"wp-image-1659\" srcset=\"https:\/\/scuole.portaleragazzi.it\/vittorinodafeltre-4a\/files\/testata_4a_vittorino-25_26-4.jpg 800w, https:\/\/scuole.portaleragazzi.it\/vittorinodafeltre-4a\/files\/testata_4a_vittorino-25_26-4-300x211.jpg 300w, https:\/\/scuole.portaleragazzi.it\/vittorinodafeltre-4a\/files\/testata_4a_vittorino-25_26-4-768x540.jpg 768w\" sizes=\"auto, (max-width: 800px) 100vw, 800px\" \/><\/a><\/figure>\n\n\n\n<figure class=\"wp-block-image size-full\"><a href=\"https:\/\/scuole.portaleragazzi.it\/vittorinodafeltre-4a\/files\/pulsante_4a_vittorino-25_26-1.jpg\"><img loading=\"lazy\" decoding=\"async\" width=\"800\" height=\"815\" src=\"https:\/\/scuole.portaleragazzi.it\/vittorinodafeltre-4a\/files\/pulsante_4a_vittorino-25_26-1.jpg\" alt=\"\" class=\"wp-image-1660\" srcset=\"https:\/\/scuole.portaleragazzi.it\/vittorinodafeltre-4a\/files\/pulsante_4a_vittorino-25_26-1.jpg 800w, https:\/\/scuole.portaleragazzi.it\/vittorinodafeltre-4a\/files\/pulsante_4a_vittorino-25_26-1-294x300.jpg 294w, https:\/\/scuole.portaleragazzi.it\/vittorinodafeltre-4a\/files\/pulsante_4a_vittorino-25_26-1-768x782.jpg 768w\" sizes=\"auto, (max-width: 800px) 100vw, 800px\" \/><\/a><\/figure>\n\n\n\n<figure class=\"wp-block-image size-full\"><a href=\"https:\/\/scuole.portaleragazzi.it\/vittorinodafeltre-4a\/files\/pulsante_4a_vittorino-25_26-2.jpg\"><img loading=\"lazy\" decoding=\"async\" width=\"800\" height=\"878\" src=\"https:\/\/scuole.portaleragazzi.it\/vittorinodafeltre-4a\/files\/pulsante_4a_vittorino-25_26-2.jpg\" alt=\"\" class=\"wp-image-1661\" srcset=\"https:\/\/scuole.portaleragazzi.it\/vittorinodafeltre-4a\/files\/pulsante_4a_vittorino-25_26-2.jpg 800w, https:\/\/scuole.portaleragazzi.it\/vittorinodafeltre-4a\/files\/pulsante_4a_vittorino-25_26-2-273x300.jpg 273w, https:\/\/scuole.portaleragazzi.it\/vittorinodafeltre-4a\/files\/pulsante_4a_vittorino-25_26-2-768x843.jpg 768w\" sizes=\"auto, (max-width: 800px) 100vw, 800px\" \/><\/a><\/figure>\n\n\n\n<figure class=\"wp-block-image size-full\"><a href=\"https:\/\/scuole.portaleragazzi.it\/vittorinodafeltre-4a\/files\/pulsante_4a_vittorino-25_26-3.jpg\"><img loading=\"lazy\" decoding=\"async\" width=\"800\" height=\"833\" src=\"https:\/\/scuole.portaleragazzi.it\/vittorinodafeltre-4a\/files\/pulsante_4a_vittorino-25_26-3.jpg\" alt=\"\" class=\"wp-image-1662\" srcset=\"https:\/\/scuole.portaleragazzi.it\/vittorinodafeltre-4a\/files\/pulsante_4a_vittorino-25_26-3.jpg 800w, https:\/\/scuole.portaleragazzi.it\/vittorinodafeltre-4a\/files\/pulsante_4a_vittorino-25_26-3-288x300.jpg 288w, https:\/\/scuole.portaleragazzi.it\/vittorinodafeltre-4a\/files\/pulsante_4a_vittorino-25_26-3-768x800.jpg 768w\" sizes=\"auto, (max-width: 800px) 100vw, 800px\" \/><\/a><\/figure>\n\n\n\n<figure class=\"wp-block-image size-large\"><a href=\"https:\/\/scuole.portaleragazzi.it\/vittorinodafeltre-4a\/files\/pulsante_4a_vittorino-25_26-4.jpg\"><img loading=\"lazy\" decoding=\"async\" width=\"729\" height=\"1024\" src=\"https:\/\/scuole.portaleragazzi.it\/vittorinodafeltre-4a\/files\/pulsante_4a_vittorino-25_26-4-729x1024.jpg\" alt=\"\" class=\"wp-image-1663\" srcset=\"https:\/\/scuole.portaleragazzi.it\/vittorinodafeltre-4a\/files\/pulsante_4a_vittorino-25_26-4-729x1024.jpg 729w, https:\/\/scuole.portaleragazzi.it\/vittorinodafeltre-4a\/files\/pulsante_4a_vittorino-25_26-4-214x300.jpg 214w, https:\/\/scuole.portaleragazzi.it\/vittorinodafeltre-4a\/files\/pulsante_4a_vittorino-25_26-4-768x1079.jpg 768w, https:\/\/scuole.portaleragazzi.it\/vittorinodafeltre-4a\/files\/pulsante_4a_vittorino-25_26-4.jpg 800w\" sizes=\"auto, (max-width: 729px) 100vw, 729px\" \/><\/a><\/figure>\n","protected":false},"excerpt":{"rendered":"<p>BELLA BLOG: la nostra classe. Cari lettori e lettrici vi presentiamo la nostra classe.Siamo la 4a della Vittorino da Feltre, dell&#8217;Istituto Comprensivo Puccini, che si trova a Ponte a Ema.Quest&#8217;anno [&hellip;]<\/p>\n","protected":false},"author":118,"featured_media":1655,"parent":0,"menu_order":0,"comment_status":"open","ping_status":"closed","template":"","meta":{"_acf_changed":false,"_crdt_document":"","_uag_custom_page_level_css":"","footnotes":""},"class_list":["post-2","page","type-page","status-publish","has-post-thumbnail","hentry"],"acf":[],"uagb_featured_image_src":{"full":["https:\/\/scuole.portaleragazzi.it\/vittorinodafeltre-4a\/files\/testata_4a_vittorino-25_26-1280.jpg",1280,672,false],"thumbnail":["https:\/\/scuole.portaleragazzi.it\/vittorinodafeltre-4a\/files\/testata_4a_vittorino-25_26-1280-150x150.jpg",150,150,true],"medium":["https:\/\/scuole.portaleragazzi.it\/vittorinodafeltre-4a\/files\/testata_4a_vittorino-25_26-1280-300x158.jpg",300,158,true],"medium_large":["https:\/\/scuole.portaleragazzi.it\/vittorinodafeltre-4a\/files\/testata_4a_vittorino-25_26-1280-768x403.jpg",768,403,true],"large":["https:\/\/scuole.portaleragazzi.it\/vittorinodafeltre-4a\/files\/testata_4a_vittorino-25_26-1280-1024x538.jpg",1024,538,true],"1536x1536":["https:\/\/scuole.portaleragazzi.it\/vittorinodafeltre-4a\/files\/testata_4a_vittorino-25_26-1280.jpg",1280,672,false],"2048x2048":["https:\/\/scuole.portaleragazzi.it\/vittorinodafeltre-4a\/files\/testata_4a_vittorino-25_26-1280.jpg",1280,672,false],"post-thumbnail":["https:\/\/scuole.portaleragazzi.it\/vittorinodafeltre-4a\/files\/testata_4a_vittorino-25_26-1280-100x50.jpg",100,50,true],"fcrf_cover":["https:\/\/scuole.portaleragazzi.it\/vittorinodafeltre-4a\/files\/testata_4a_vittorino-25_26-1280.jpg",1280,672,false],"fcrf_big":["https:\/\/scuole.portaleragazzi.it\/vittorinodafeltre-4a\/files\/testata_4a_vittorino-25_26-1280.jpg",1280,672,false],"fcrf_quad":["https:\/\/scuole.portaleragazzi.it\/vittorinodafeltre-4a\/files\/testata_4a_vittorino-25_26-1280-600x600.jpg",600,600,true],"fcrf_single":["https:\/\/scuole.portaleragazzi.it\/vittorinodafeltre-4a\/files\/testata_4a_vittorino-25_26-1280-850x500.jpg",850,500,true],"fcrf_correlati":["https:\/\/scuole.portaleragazzi.it\/vittorinodafeltre-4a\/files\/testata_4a_vittorino-25_26-1280-358x250.jpg",358,250,true],"fcrf_home":["https:\/\/scuole.portaleragazzi.it\/vittorinodafeltre-4a\/files\/testata_4a_vittorino-25_26-1280-400x400.jpg",400,400,true],"fcrf_mosaico":["https:\/\/scuole.portaleragazzi.it\/vittorinodafeltre-4a\/files\/testata_4a_vittorino-25_26-1280-600x400.jpg",600,400,true]},"uagb_author_info":{"display_name":"Admin","author_link":"https:\/\/scuole.portaleragazzi.it\/vittorinodafeltre-4a\/author\/portalesc\/"},"uagb_comment_info":0,"uagb_excerpt":"BELLA BLOG: la nostra classe. Cari lettori e lettrici vi presentiamo la nostra classe.Siamo la 4a della Vittorino da Feltre, dell&#8217;Istituto Comprensivo Puccini, che si trova a Ponte a Ema.Quest&#8217;anno [&hellip;]","_links":{"self":[{"href":"https:\/\/scuole.portaleragazzi.it\/vittorinodafeltre-4a\/wp-json\/wp\/v2\/pages\/2","targetHints":{"allow":["GET"]}}],"collection":[{"href":"https:\/\/scuole.portaleragazzi.it\/vittorinodafeltre-4a\/wp-json\/wp\/v2\/pages"}],"about":[{"href":"https:\/\/scuole.portaleragazzi.it\/vittorinodafeltre-4a\/wp-json\/wp\/v2\/types\/page"}],"author":[{"embeddable":true,"href":"https:\/\/scuole.portaleragazzi.it\/vittorinodafeltre-4a\/wp-json\/wp\/v2\/users\/118"}],"replies":[{"embeddable":true,"href":"https:\/\/scuole.portaleragazzi.it\/vittorinodafeltre-4a\/wp-json\/wp\/v2\/comments?post=2"}],"version-history":[{"count":36,"href":"https:\/\/scuole.portaleragazzi.it\/vittorinodafeltre-4a\/wp-json\/wp\/v2\/pages\/2\/revisions"}],"predecessor-version":[{"id":1664,"href":"https:\/\/scuole.portaleragazzi.it\/vittorinodafeltre-4a\/wp-json\/wp\/v2\/pages\/2\/revisions\/1664"}],"wp:featuredmedia":[{"embeddable":true,"href":"https:\/\/scuole.portaleragazzi.it\/vittorinodafeltre-4a\/wp-json\/wp\/v2\/media\/1655"}],"wp:attachment":[{"href":"https:\/\/scuole.portaleragazzi.it\/vittorinodafeltre-4a\/wp-json\/wp\/v2\/media?parent=2"}],"curies":[{"name":"wp","href":"https:\/\/api.w.org\/{rel}","templated":true}]}}