{"id":2,"date":"2013-11-16T18:47:17","date_gmt":"2013-11-16T17:47:17","guid":{"rendered":"http:\/\/scuole.portaleragazzi.it\/sauro-5b\/?page_id=2"},"modified":"2025-12-18T23:36:32","modified_gmt":"2025-12-18T22:36:32","slug":"ci-presentiamo","status":"publish","type":"page","link":"https:\/\/scuole.portaleragazzi.it\/sauro-5b\/ci-presentiamo\/","title":{"rendered":"Ci presentiamo&#8230;"},"content":{"rendered":"\n<p class=\"wp-block-paragraph\">Cari lettori e lettrici,<br>siamo la classe 5B del Plesso Sauro e facciamo parte dell\u2019IC Galluzzo.<br>La nostra scuola, il plesso Sauro, si trova a Firenze ed \u00e8 un posto dove non manca lo spazio! Abbiamo un grande giardino, una biblioteca accogliente e una palestra enorme.<br>Siamo 23 bambini e siamo una classe divertente e felice.<br>Abbiamo diverse maestre che ci guidano: la maestra di matematica, Rosanna, la maestra di italiano, Sara, la maestra di motoria, Marta, e la maestra di religione, Mariella. C\u2019\u00e8 anche la maestra di sostegno, Natalia.<br>La nostra classe \u00e8 speciale perch\u00e9 siamo una vera CLASSE DIGITALE: ogni bambino ha il suo Chroomebook.<br>Usiamo i nostri dispositivi e le lavagne interattive per imparare in modo nuovo e dinamico.<br>Oltre al digitale, siamo molto creativi usiamo anche matite e colori per i nostri disegni e creiamo tanti lavoretti. <br>Le nostre maestre ci fanno fare tante attivit\u00e0 interessanti, e quest\u2019anno le materie sono pi\u00f9 stimolanti che mai!<br>Insomma, adoriamo andare a scuola e siamo pronti per affrontare l\u2019ultimo anno delle elementari.<\/p>\n\n\n\n<figure class=\"wp-block-image size-full\"><a href=\"https:\/\/scuole.portaleragazzi.it\/sauro-5b\/files\/testata_5b-sauro_25-26-big2.jpg\"><img loading=\"lazy\" decoding=\"async\" width=\"800\" height=\"237\" src=\"https:\/\/scuole.portaleragazzi.it\/sauro-5b\/files\/testata_5b-sauro_25-26-big2.jpg\" alt=\"\" class=\"wp-image-1343\" srcset=\"https:\/\/scuole.portaleragazzi.it\/sauro-5b\/files\/testata_5b-sauro_25-26-big2.jpg 800w, https:\/\/scuole.portaleragazzi.it\/sauro-5b\/files\/testata_5b-sauro_25-26-big2-300x89.jpg 300w, https:\/\/scuole.portaleragazzi.it\/sauro-5b\/files\/testata_5b-sauro_25-26-big2-768x228.jpg 768w\" sizes=\"auto, (max-width: 800px) 100vw, 800px\" \/><\/a><\/figure>\n\n\n\n<figure class=\"wp-block-image size-full\"><a href=\"https:\/\/scuole.portaleragazzi.it\/sauro-5b\/files\/testata_5b-sauro_25-26-big3.jpg\"><img loading=\"lazy\" decoding=\"async\" width=\"800\" height=\"285\" src=\"https:\/\/scuole.portaleragazzi.it\/sauro-5b\/files\/testata_5b-sauro_25-26-big3.jpg\" alt=\"\" class=\"wp-image-1344\" srcset=\"https:\/\/scuole.portaleragazzi.it\/sauro-5b\/files\/testata_5b-sauro_25-26-big3.jpg 800w, https:\/\/scuole.portaleragazzi.it\/sauro-5b\/files\/testata_5b-sauro_25-26-big3-300x107.jpg 300w, https:\/\/scuole.portaleragazzi.it\/sauro-5b\/files\/testata_5b-sauro_25-26-big3-768x274.jpg 768w\" sizes=\"auto, (max-width: 800px) 100vw, 800px\" \/><\/a><\/figure>\n\n\n\n<figure class=\"wp-block-image size-large is-resized\"><a href=\"https:\/\/scuole.portaleragazzi.it\/sauro-5b\/files\/testata_5b-sauro_25-26-1280.jpg\"><img loading=\"lazy\" decoding=\"async\" width=\"1024\" height=\"390\" src=\"https:\/\/scuole.portaleragazzi.it\/sauro-5b\/files\/testata_5b-sauro_25-26-1280-1024x390.jpg\" alt=\"\" class=\"wp-image-1341\" style=\"width:800px\" srcset=\"https:\/\/scuole.portaleragazzi.it\/sauro-5b\/files\/testata_5b-sauro_25-26-1280-1024x390.jpg 1024w, https:\/\/scuole.portaleragazzi.it\/sauro-5b\/files\/testata_5b-sauro_25-26-1280-300x114.jpg 300w, https:\/\/scuole.portaleragazzi.it\/sauro-5b\/files\/testata_5b-sauro_25-26-1280-768x292.jpg 768w, https:\/\/scuole.portaleragazzi.it\/sauro-5b\/files\/testata_5b-sauro_25-26-1280.jpg 1280w\" sizes=\"auto, (max-width: 1024px) 100vw, 1024px\" \/><\/a><\/figure>\n\n\n\n<figure class=\"wp-block-image size-full\"><a href=\"https:\/\/scuole.portaleragazzi.it\/sauro-5b\/files\/pulsante_5b-sauro_25-26-400ok.jpg\"><img loading=\"lazy\" decoding=\"async\" width=\"400\" height=\"400\" src=\"https:\/\/scuole.portaleragazzi.it\/sauro-5b\/files\/pulsante_5b-sauro_25-26-400ok.jpg\" alt=\"\" class=\"wp-image-1347\" srcset=\"https:\/\/scuole.portaleragazzi.it\/sauro-5b\/files\/pulsante_5b-sauro_25-26-400ok.jpg 400w, https:\/\/scuole.portaleragazzi.it\/sauro-5b\/files\/pulsante_5b-sauro_25-26-400ok-300x300.jpg 300w, https:\/\/scuole.portaleragazzi.it\/sauro-5b\/files\/pulsante_5b-sauro_25-26-400ok-150x150.jpg 150w\" sizes=\"auto, (max-width: 400px) 100vw, 400px\" \/><\/a><\/figure>\n","protected":false},"excerpt":{"rendered":"<p>Cari lettori e lettrici,siamo la classe 5B del Plesso Sauro e facciamo parte dell\u2019IC Galluzzo.La nostra scuola, il plesso Sauro, si trova a Firenze ed \u00e8 un posto dove non [&hellip;]<\/p>\n","protected":false},"author":118,"featured_media":1341,"parent":0,"menu_order":0,"comment_status":"open","ping_status":"closed","template":"","meta":{"_acf_changed":false,"_crdt_document":"","_uag_custom_page_level_css":"","footnotes":""},"class_list":["post-2","page","type-page","status-publish","has-post-thumbnail","hentry"],"acf":[],"uagb_featured_image_src":{"full":["https:\/\/scuole.portaleragazzi.it\/sauro-5b\/files\/testata_5b-sauro_25-26-1280.jpg",1280,487,false],"thumbnail":["https:\/\/scuole.portaleragazzi.it\/sauro-5b\/files\/testata_5b-sauro_25-26-1280-150x150.jpg",150,150,true],"medium":["https:\/\/scuole.portaleragazzi.it\/sauro-5b\/files\/testata_5b-sauro_25-26-1280-300x114.jpg",300,114,true],"medium_large":["https:\/\/scuole.portaleragazzi.it\/sauro-5b\/files\/testata_5b-sauro_25-26-1280-768x292.jpg",768,292,true],"large":["https:\/\/scuole.portaleragazzi.it\/sauro-5b\/files\/testata_5b-sauro_25-26-1280-1024x390.jpg",1024,390,true],"1536x1536":["https:\/\/scuole.portaleragazzi.it\/sauro-5b\/files\/testata_5b-sauro_25-26-1280.jpg",1280,487,false],"2048x2048":["https:\/\/scuole.portaleragazzi.it\/sauro-5b\/files\/testata_5b-sauro_25-26-1280.jpg",1280,487,false],"post-thumbnail":["https:\/\/scuole.portaleragazzi.it\/sauro-5b\/files\/testata_5b-sauro_25-26-1280-100x50.jpg",100,50,true],"fcrf_cover":["https:\/\/scuole.portaleragazzi.it\/sauro-5b\/files\/testata_5b-sauro_25-26-1280.jpg",1280,487,false],"fcrf_big":["https:\/\/scuole.portaleragazzi.it\/sauro-5b\/files\/testata_5b-sauro_25-26-1280.jpg",1280,487,false],"fcrf_quad":["https:\/\/scuole.portaleragazzi.it\/sauro-5b\/files\/testata_5b-sauro_25-26-1280-600x487.jpg",600,487,true],"fcrf_single":["https:\/\/scuole.portaleragazzi.it\/sauro-5b\/files\/testata_5b-sauro_25-26-1280-850x487.jpg",850,487,true],"fcrf_correlati":["https:\/\/scuole.portaleragazzi.it\/sauro-5b\/files\/testata_5b-sauro_25-26-1280-358x250.jpg",358,250,true],"fcrf_home":["https:\/\/scuole.portaleragazzi.it\/sauro-5b\/files\/testata_5b-sauro_25-26-1280-400x400.jpg",400,400,true],"fcrf_mosaico":["https:\/\/scuole.portaleragazzi.it\/sauro-5b\/files\/testata_5b-sauro_25-26-1280-600x400.jpg",600,400,true]},"uagb_author_info":{"display_name":"Admin","author_link":"https:\/\/scuole.portaleragazzi.it\/sauro-5b\/author\/portalesc\/"},"uagb_comment_info":0,"uagb_excerpt":"Cari lettori e lettrici,siamo la classe 5B del Plesso Sauro e facciamo parte dell\u2019IC Galluzzo.La nostra scuola, il plesso Sauro, si trova a Firenze ed \u00e8 un posto dove non [&hellip;]","_links":{"self":[{"href":"https:\/\/scuole.portaleragazzi.it\/sauro-5b\/wp-json\/wp\/v2\/pages\/2","targetHints":{"allow":["GET"]}}],"collection":[{"href":"https:\/\/scuole.portaleragazzi.it\/sauro-5b\/wp-json\/wp\/v2\/pages"}],"about":[{"href":"https:\/\/scuole.portaleragazzi.it\/sauro-5b\/wp-json\/wp\/v2\/types\/page"}],"author":[{"embeddable":true,"href":"https:\/\/scuole.portaleragazzi.it\/sauro-5b\/wp-json\/wp\/v2\/users\/118"}],"replies":[{"embeddable":true,"href":"https:\/\/scuole.portaleragazzi.it\/sauro-5b\/wp-json\/wp\/v2\/comments?post=2"}],"version-history":[{"count":33,"href":"https:\/\/scuole.portaleragazzi.it\/sauro-5b\/wp-json\/wp\/v2\/pages\/2\/revisions"}],"predecessor-version":[{"id":1349,"href":"https:\/\/scuole.portaleragazzi.it\/sauro-5b\/wp-json\/wp\/v2\/pages\/2\/revisions\/1349"}],"wp:featuredmedia":[{"embeddable":true,"href":"https:\/\/scuole.portaleragazzi.it\/sauro-5b\/wp-json\/wp\/v2\/media\/1341"}],"wp:attachment":[{"href":"https:\/\/scuole.portaleragazzi.it\/sauro-5b\/wp-json\/wp\/v2\/media?parent=2"}],"curies":[{"name":"wp","href":"https:\/\/api.w.org\/{rel}","templated":true}]}}