{"id":2,"date":"2013-11-16T18:47:17","date_gmt":"2013-11-16T17:47:17","guid":{"rendered":"http:\/\/scuole.portaleragazzi.it\/rossini-2d\/?page_id=2"},"modified":"2022-02-02T20:10:07","modified_gmt":"2022-02-02T19:10:07","slug":"ci-presentiamo","status":"publish","type":"page","link":"https:\/\/scuole.portaleragazzi.it\/rossini-3d\/ci-presentiamo\/","title":{"rendered":"Ci presentiamo&#8230;"},"content":{"rendered":"\n<div class=\"wp-block-image\"><figure class=\"alignleft size-large is-resized\"><a href=\"https:\/\/scuole.portaleragazzi.it\/rossini-3d\/files\/serena_ok.jpg\"><img loading=\"lazy\" decoding=\"async\" src=\"https:\/\/scuole.portaleragazzi.it\/rossini-3d\/files\/serena_ok-680x1024.jpg\" alt=\"\" class=\"wp-image-1444\" width=\"312\" height=\"470\" srcset=\"https:\/\/scuole.portaleragazzi.it\/rossini-3d\/files\/serena_ok-680x1024.jpg 680w, https:\/\/scuole.portaleragazzi.it\/rossini-3d\/files\/serena_ok-199x300.jpg 199w, https:\/\/scuole.portaleragazzi.it\/rossini-3d\/files\/serena_ok-768x1156.jpg 768w, https:\/\/scuole.portaleragazzi.it\/rossini-3d\/files\/serena_ok.jpg 800w\" sizes=\"auto, (max-width: 312px) 100vw, 312px\" \/><\/a><\/figure><\/div>\n\n\n\n<p class=\"wp-block-paragraph\"><strong><em>Filastocca della 3^D<\/em><\/strong><\/p>\n\n\n\n<p class=\"wp-block-paragraph\">Noi siam la 3^D<br>e ci piace stare insieme tutto il d\u00ec.<\/p>\n\n\n\n<p class=\"wp-block-paragraph\">La mia classe \u00e8 molto bella<br>ma fa spesso la monella.<\/p>\n\n\n\n<p class=\"wp-block-paragraph\">Un bambino \u00e8 alla finestra<br>mentre un altro dalla maestra.<\/p>\n\n\n\n<p class=\"wp-block-paragraph\">Durante la lezione,<br>c\u2019\u00e8 gi\u00e0 chi pensa alla ricreazione.<\/p>\n\n\n\n<p class=\"wp-block-paragraph\">Quando suona la campanella<br>tutti facciamo la cartella.<\/p>\n\n\n\n<p class=\"wp-block-paragraph\">Siamo tutti divertenti<br>ed in classe andiam contenti.<\/p>\n\n\n\n<p class=\"wp-block-paragraph\"><\/p>\n\n\n\n<p class=\"wp-block-paragraph\"><strong><em>Filastrocca di Giorgia<\/em><\/strong><br>Ecco a voi la 3^D<br>che si diverte ogni d\u00ec<br>Siamo tutti buoni amici<br>Molto simpatici e felici.<\/p>\n\n\n\n<p class=\"wp-block-paragraph\"><strong><em>Filastrocca di Matilde<\/em><\/strong><br>Noi siamo la 3^D<br>e siam felici tutto il d\u00ec.<br>Festeggiamo Carnevale<br>anche se c\u2019\u00e8 un temporale.<br>E se qualcuno ha l\u2019agonia<br>gli facciamo tornare l\u2019allegria.<\/p>\n\n\n\n<figure class=\"wp-block-image size-full\"><a href=\"https:\/\/scuole.portaleragazzi.it\/rossini-3d\/files\/aida_ok.jpg\"><img loading=\"lazy\" decoding=\"async\" width=\"800\" height=\"523\" src=\"https:\/\/scuole.portaleragazzi.it\/rossini-3d\/files\/aida_ok.jpg\" alt=\"\" class=\"wp-image-1434\" srcset=\"https:\/\/scuole.portaleragazzi.it\/rossini-3d\/files\/aida_ok.jpg 800w, https:\/\/scuole.portaleragazzi.it\/rossini-3d\/files\/aida_ok-300x196.jpg 300w, https:\/\/scuole.portaleragazzi.it\/rossini-3d\/files\/aida_ok-768x502.jpg 768w\" sizes=\"auto, (max-width: 800px) 100vw, 800px\" \/><\/a><figcaption>Disegno di Aida<\/figcaption><\/figure>\n\n\n\n<p class=\"wp-block-paragraph\"><strong><em>Filastrocca di Serena<\/em><\/strong><br>Vi presento la classe 3^D<br>Noi siamo giocherelloni a volte anche un po\u2019 birboni.<br>Siamo una classe s\u00faper unita<br>Ogni giorno \u00e8 un po\u2019 una gita.<br>Questa classe \u00e8 speciale davvero<br>Te lo giuro \u00e8 tutto vero.<\/p>\n\n\n\n<figure class=\"wp-block-image size-full\"><a href=\"https:\/\/scuole.portaleragazzi.it\/rossini-3d\/files\/anila_ok.jpg\"><img loading=\"lazy\" decoding=\"async\" width=\"800\" height=\"616\" src=\"https:\/\/scuole.portaleragazzi.it\/rossini-3d\/files\/anila_ok.jpg\" alt=\"\" class=\"wp-image-1435\" srcset=\"https:\/\/scuole.portaleragazzi.it\/rossini-3d\/files\/anila_ok.jpg 800w, https:\/\/scuole.portaleragazzi.it\/rossini-3d\/files\/anila_ok-300x231.jpg 300w, https:\/\/scuole.portaleragazzi.it\/rossini-3d\/files\/anila_ok-768x591.jpg 768w\" sizes=\"auto, (max-width: 800px) 100vw, 800px\" \/><\/a><figcaption>Disegno di Anila<\/figcaption><\/figure>\n\n\n\n<p class=\"wp-block-paragraph\"><strong><em>Filastrocca di Riccardo<\/em><\/strong><br>Siamo la 3^D<br>Ci incontriamo ogni d\u00ec,<br>se qualcuno \u00e8 a distanza<br>ci saluta dalla sua stanza.<br>Siamo tutti bambini a volte un po\u2019 birichini.<br>Ci piace sognare<br>ma anche tanto imparare,<br>che sia storia, scienze<br>o geografia<br>Ci piace tutto, qualsiasi cosa sia.<\/p>\n\n\n\n<figure class=\"wp-block-image size-full\"><a href=\"https:\/\/scuole.portaleragazzi.it\/rossini-3d\/files\/giorgia_ok.jpg\"><img loading=\"lazy\" decoding=\"async\" width=\"800\" height=\"481\" src=\"https:\/\/scuole.portaleragazzi.it\/rossini-3d\/files\/giorgia_ok.jpg\" alt=\"\" class=\"wp-image-1436\" srcset=\"https:\/\/scuole.portaleragazzi.it\/rossini-3d\/files\/giorgia_ok.jpg 800w, https:\/\/scuole.portaleragazzi.it\/rossini-3d\/files\/giorgia_ok-300x180.jpg 300w, https:\/\/scuole.portaleragazzi.it\/rossini-3d\/files\/giorgia_ok-768x462.jpg 768w\" sizes=\"auto, (max-width: 800px) 100vw, 800px\" \/><\/a><figcaption>Disegno di Giorgia<\/figcaption><\/figure>\n\n\n\n<p class=\"wp-block-paragraph\"><strong><em>Filastrocca di Sveva<\/em><\/strong><br>In ogni anno c\u2019\u00e8 un giorno speciale<br>e agli alunni piace scherzare,<br>con tanto affetto possiamo giocare.<br>Quando sbagliamo la maestra ci riprende con un tono accogliente.<\/p>\n\n\n\n<figure class=\"wp-block-image size-full\"><a href=\"https:\/\/scuole.portaleragazzi.it\/rossini-3d\/files\/leda_ok.jpg\"><img loading=\"lazy\" decoding=\"async\" width=\"800\" height=\"569\" src=\"https:\/\/scuole.portaleragazzi.it\/rossini-3d\/files\/leda_ok.jpg\" alt=\"\" class=\"wp-image-1437\" srcset=\"https:\/\/scuole.portaleragazzi.it\/rossini-3d\/files\/leda_ok.jpg 800w, https:\/\/scuole.portaleragazzi.it\/rossini-3d\/files\/leda_ok-300x213.jpg 300w, https:\/\/scuole.portaleragazzi.it\/rossini-3d\/files\/leda_ok-768x546.jpg 768w\" sizes=\"auto, (max-width: 800px) 100vw, 800px\" \/><\/a><figcaption>Disegno di Leda<\/figcaption><\/figure>\n\n\n\n<p class=\"wp-block-paragraph\"><strong><em>Filastrocca di Anila<\/em><\/strong><br>Se noi vogliamo condividere tutti questi bei giorni<br>Con tanto affetto insieme ci possiamo divertire<br>Talvolta ci mettiamo nei guai,<br>senza saperlo mai.<br>Le maestre ci sgridano sempre<br>per\u00f2 con un tono anche divertente.<br>Se ci vogliamo tutti bene<br>Ogni giorno<br>qualcosa di bello avviene.<\/p>\n\n\n\n<figure class=\"wp-block-image size-full\"><a href=\"https:\/\/scuole.portaleragazzi.it\/rossini-3d\/files\/matilde_ok.jpg\"><img loading=\"lazy\" decoding=\"async\" width=\"800\" height=\"417\" src=\"https:\/\/scuole.portaleragazzi.it\/rossini-3d\/files\/matilde_ok.jpg\" alt=\"\" class=\"wp-image-1438\" srcset=\"https:\/\/scuole.portaleragazzi.it\/rossini-3d\/files\/matilde_ok.jpg 800w, https:\/\/scuole.portaleragazzi.it\/rossini-3d\/files\/matilde_ok-300x156.jpg 300w, https:\/\/scuole.portaleragazzi.it\/rossini-3d\/files\/matilde_ok-768x400.jpg 768w\" sizes=\"auto, (max-width: 800px) 100vw, 800px\" \/><\/a><figcaption>Disegno di Matilde<\/figcaption><\/figure>\n\n\n\n<p class=\"wp-block-paragraph\"><strong><em>Filastrocca di Giulio<\/em><\/strong><br>Ecco qui la 3^D<br>siamo molto impazienti<br>ma anche molto divertenti<br>Tutto insieme ci rallegriamo<br>anche se a volte noi bisticciamo.<\/p>\n\n\n\n<figure class=\"wp-block-image size-full\"><a href=\"https:\/\/scuole.portaleragazzi.it\/rossini-3d\/files\/tommaso_ok.jpg\"><img loading=\"lazy\" decoding=\"async\" width=\"800\" height=\"574\" src=\"https:\/\/scuole.portaleragazzi.it\/rossini-3d\/files\/tommaso_ok.jpg\" alt=\"\" class=\"wp-image-1439\" srcset=\"https:\/\/scuole.portaleragazzi.it\/rossini-3d\/files\/tommaso_ok.jpg 800w, https:\/\/scuole.portaleragazzi.it\/rossini-3d\/files\/tommaso_ok-300x215.jpg 300w, https:\/\/scuole.portaleragazzi.it\/rossini-3d\/files\/tommaso_ok-768x551.jpg 768w\" sizes=\"auto, (max-width: 800px) 100vw, 800px\" \/><\/a><figcaption>Disegno di Tommaso<\/figcaption><\/figure>\n","protected":false},"excerpt":{"rendered":"<p>Filastocca della 3^D Noi siam la 3^De ci piace stare insieme tutto il d\u00ec. La mia classe \u00e8 molto bellama fa spesso la monella. Un bambino \u00e8 alla finestramentre un [&hellip;]<\/p>\n","protected":false},"author":118,"featured_media":0,"parent":0,"menu_order":0,"comment_status":"open","ping_status":"closed","template":"","meta":{"_acf_changed":false,"_crdt_document":"","_uag_custom_page_level_css":"","footnotes":""},"class_list":["post-2","page","type-page","status-publish","hentry"],"acf":[],"uagb_featured_image_src":{"full":false,"thumbnail":false,"medium":false,"medium_large":false,"large":false,"1536x1536":false,"2048x2048":false,"post-thumbnail":false,"fcrf_cover":false,"fcrf_big":false,"fcrf_quad":false,"fcrf_single":false,"fcrf_correlati":false,"fcrf_home":false,"fcrf_mosaico":false},"uagb_author_info":{"display_name":"Admin","author_link":"https:\/\/scuole.portaleragazzi.it\/rossini-3d\/author\/portalesc\/"},"uagb_comment_info":0,"uagb_excerpt":"Filastocca della 3^D Noi siam la 3^De ci piace stare insieme tutto il d\u00ec. La mia classe \u00e8 molto bellama fa spesso la monella. Un bambino \u00e8 alla finestramentre un [&hellip;]","_links":{"self":[{"href":"https:\/\/scuole.portaleragazzi.it\/rossini-3d\/wp-json\/wp\/v2\/pages\/2","targetHints":{"allow":["GET"]}}],"collection":[{"href":"https:\/\/scuole.portaleragazzi.it\/rossini-3d\/wp-json\/wp\/v2\/pages"}],"about":[{"href":"https:\/\/scuole.portaleragazzi.it\/rossini-3d\/wp-json\/wp\/v2\/types\/page"}],"author":[{"embeddable":true,"href":"https:\/\/scuole.portaleragazzi.it\/rossini-3d\/wp-json\/wp\/v2\/users\/118"}],"replies":[{"embeddable":true,"href":"https:\/\/scuole.portaleragazzi.it\/rossini-3d\/wp-json\/wp\/v2\/comments?post=2"}],"version-history":[{"count":16,"href":"https:\/\/scuole.portaleragazzi.it\/rossini-3d\/wp-json\/wp\/v2\/pages\/2\/revisions"}],"predecessor-version":[{"id":1455,"href":"https:\/\/scuole.portaleragazzi.it\/rossini-3d\/wp-json\/wp\/v2\/pages\/2\/revisions\/1455"}],"wp:attachment":[{"href":"https:\/\/scuole.portaleragazzi.it\/rossini-3d\/wp-json\/wp\/v2\/media?parent=2"}],"curies":[{"name":"wp","href":"https:\/\/api.w.org\/{rel}","templated":true}]}}