{"id":2,"date":"2013-11-16T18:47:17","date_gmt":"2013-11-16T17:47:17","guid":{"rendered":"http:\/\/scuole.portaleragazzi.it\/giotto-4a\/?page_id=2"},"modified":"2026-03-06T22:14:30","modified_gmt":"2026-03-06T21:14:30","slug":"ci-presentiamo","status":"publish","type":"page","link":"https:\/\/scuole.portaleragazzi.it\/giotto-4a\/ci-presentiamo\/","title":{"rendered":"Ci presentiamo&#8230;"},"content":{"rendered":"\n<p class=\"wp-block-paragraph\">Ciao siamo la 4^ A della Giotto, la nostra scuola \u00e8 vicino al centro storico di Firenze. <br>Da Novembre siamo in 25 perch\u00e9 \u00e8 andato via un nostro compagno. <br>Siamo molto uniti e ci aiutiamo a vicenda. <br>Abbiamo molta immaginazione e siamo molto vivaci. ci piace disegnare, studiare un po&#8217; tutte le materie ma in particolare storia, scienze.<br>La nostra scuola \u00e8 molto grande, sul retro abbiamo un orto e un giardino molto grande, un campo da calcio e uno da basket.<br>La nostra scuola \u00e8 divisa in due ali, perch\u00e9 in origine era divisa tra maschi e femmine, ora non \u00e8 pi\u00f9 cos\u00ec. <br>Ci sono tre sezioni. La nostra classe \u00e8 al secondo piano con altre due quarte, c\u2019\u00e8 l&#8217;aula di informatica e l&#8217;aula di scienze, altre aule per i laboratori, due biblioteche e una grande mensa che si affaccia nel giardino.<br>Al piano terra c\u2019\u00e8 anche una grande palestra, \u00e8 molto bella e attrezzata e noi amiamo fare sport. Siamo tutti molto competitivi. Abbiamo vinto due coppe al giocatletica, ogni anno otteniamo sempre dei bei risultati, abbiamo vinto il primo e secondo posto.<br>Quando arriviamo allo stadio tutti sentono il nostro animato tifo.<\/p>\n\n\n\n<p class=\"wp-block-paragraph\">Siamo entusiasti di partecipare a questo progetto, cercheremo di riempire pi\u00f9 spazi con i nostri lavori per parlarvi di noi ciao ciao.<\/p>\n\n\n\n<figure class=\"wp-block-image size-full\"><a href=\"https:\/\/scuole.portaleragazzi.it\/giotto-4a\/files\/loghi-4a-giotto1.jpg\"><img loading=\"lazy\" decoding=\"async\" width=\"800\" height=\"883\" src=\"https:\/\/scuole.portaleragazzi.it\/giotto-4a\/files\/loghi-4a-giotto1.jpg\" alt=\"\" class=\"wp-image-1341\" srcset=\"https:\/\/scuole.portaleragazzi.it\/giotto-4a\/files\/loghi-4a-giotto1.jpg 800w, https:\/\/scuole.portaleragazzi.it\/giotto-4a\/files\/loghi-4a-giotto1-272x300.jpg 272w, https:\/\/scuole.portaleragazzi.it\/giotto-4a\/files\/loghi-4a-giotto1-768x848.jpg 768w\" sizes=\"auto, (max-width: 800px) 100vw, 800px\" \/><\/a><\/figure>\n\n\n\n<figure class=\"wp-block-image size-full\"><a href=\"https:\/\/scuole.portaleragazzi.it\/giotto-4a\/files\/loghi-4a-giotto2.jpg\"><img loading=\"lazy\" decoding=\"async\" width=\"800\" height=\"846\" src=\"https:\/\/scuole.portaleragazzi.it\/giotto-4a\/files\/loghi-4a-giotto2.jpg\" alt=\"\" class=\"wp-image-1343\" srcset=\"https:\/\/scuole.portaleragazzi.it\/giotto-4a\/files\/loghi-4a-giotto2.jpg 800w, https:\/\/scuole.portaleragazzi.it\/giotto-4a\/files\/loghi-4a-giotto2-284x300.jpg 284w, https:\/\/scuole.portaleragazzi.it\/giotto-4a\/files\/loghi-4a-giotto2-768x812.jpg 768w\" sizes=\"auto, (max-width: 800px) 100vw, 800px\" \/><\/a><\/figure>\n\n\n\n<figure class=\"wp-block-image size-full\"><a href=\"https:\/\/scuole.portaleragazzi.it\/giotto-4a\/files\/loghi-4a-giotto3.jpg\"><img loading=\"lazy\" decoding=\"async\" width=\"800\" height=\"849\" src=\"https:\/\/scuole.portaleragazzi.it\/giotto-4a\/files\/loghi-4a-giotto3.jpg\" alt=\"\" class=\"wp-image-1344\" srcset=\"https:\/\/scuole.portaleragazzi.it\/giotto-4a\/files\/loghi-4a-giotto3.jpg 800w, https:\/\/scuole.portaleragazzi.it\/giotto-4a\/files\/loghi-4a-giotto3-283x300.jpg 283w, https:\/\/scuole.portaleragazzi.it\/giotto-4a\/files\/loghi-4a-giotto3-768x815.jpg 768w\" sizes=\"auto, (max-width: 800px) 100vw, 800px\" \/><\/a><\/figure>\n\n\n\n<figure class=\"wp-block-image size-full\"><a href=\"https:\/\/scuole.portaleragazzi.it\/giotto-4a\/files\/loghi-4a-giotto4.jpg\"><img loading=\"lazy\" decoding=\"async\" width=\"800\" height=\"419\" src=\"https:\/\/scuole.portaleragazzi.it\/giotto-4a\/files\/loghi-4a-giotto4.jpg\" alt=\"\" class=\"wp-image-1345\" srcset=\"https:\/\/scuole.portaleragazzi.it\/giotto-4a\/files\/loghi-4a-giotto4.jpg 800w, https:\/\/scuole.portaleragazzi.it\/giotto-4a\/files\/loghi-4a-giotto4-300x157.jpg 300w, https:\/\/scuole.portaleragazzi.it\/giotto-4a\/files\/loghi-4a-giotto4-768x402.jpg 768w\" sizes=\"auto, (max-width: 800px) 100vw, 800px\" \/><\/a><\/figure>\n\n\n\n<figure class=\"wp-block-image size-full\"><a href=\"https:\/\/scuole.portaleragazzi.it\/giotto-4a\/files\/loghi-4a-giotto5.jpg\"><img loading=\"lazy\" decoding=\"async\" width=\"800\" height=\"443\" src=\"https:\/\/scuole.portaleragazzi.it\/giotto-4a\/files\/loghi-4a-giotto5.jpg\" alt=\"\" class=\"wp-image-1346\" srcset=\"https:\/\/scuole.portaleragazzi.it\/giotto-4a\/files\/loghi-4a-giotto5.jpg 800w, https:\/\/scuole.portaleragazzi.it\/giotto-4a\/files\/loghi-4a-giotto5-300x166.jpg 300w, https:\/\/scuole.portaleragazzi.it\/giotto-4a\/files\/loghi-4a-giotto5-768x425.jpg 768w\" sizes=\"auto, (max-width: 800px) 100vw, 800px\" \/><\/a><\/figure>\n\n\n\n<figure class=\"wp-block-image size-full\"><a href=\"https:\/\/scuole.portaleragazzi.it\/giotto-4a\/files\/loghi-4a-giotto6.jpg\"><img loading=\"lazy\" decoding=\"async\" width=\"800\" height=\"472\" src=\"https:\/\/scuole.portaleragazzi.it\/giotto-4a\/files\/loghi-4a-giotto6.jpg\" alt=\"\" class=\"wp-image-1347\" srcset=\"https:\/\/scuole.portaleragazzi.it\/giotto-4a\/files\/loghi-4a-giotto6.jpg 800w, https:\/\/scuole.portaleragazzi.it\/giotto-4a\/files\/loghi-4a-giotto6-300x177.jpg 300w, https:\/\/scuole.portaleragazzi.it\/giotto-4a\/files\/loghi-4a-giotto6-768x453.jpg 768w\" sizes=\"auto, (max-width: 800px) 100vw, 800px\" \/><\/a><\/figure>\n\n\n\n<figure class=\"wp-block-image size-full\"><a href=\"https:\/\/scuole.portaleragazzi.it\/giotto-4a\/files\/loghi-4a-giotto7.jpg\"><img loading=\"lazy\" decoding=\"async\" width=\"800\" height=\"416\" src=\"https:\/\/scuole.portaleragazzi.it\/giotto-4a\/files\/loghi-4a-giotto7.jpg\" alt=\"\" class=\"wp-image-1348\" srcset=\"https:\/\/scuole.portaleragazzi.it\/giotto-4a\/files\/loghi-4a-giotto7.jpg 800w, https:\/\/scuole.portaleragazzi.it\/giotto-4a\/files\/loghi-4a-giotto7-300x156.jpg 300w, https:\/\/scuole.portaleragazzi.it\/giotto-4a\/files\/loghi-4a-giotto7-768x399.jpg 768w\" sizes=\"auto, (max-width: 800px) 100vw, 800px\" \/><\/a><\/figure>\n","protected":false},"excerpt":{"rendered":"<p>Ciao siamo la 4^ A della Giotto, la nostra scuola \u00e8 vicino al centro storico di Firenze. Da Novembre siamo in 25 perch\u00e9 \u00e8 andato via un nostro compagno. Siamo [&hellip;]<\/p>\n","protected":false},"author":118,"featured_media":1340,"parent":0,"menu_order":0,"comment_status":"open","ping_status":"closed","template":"","meta":{"_acf_changed":false,"_crdt_document":"","_uag_custom_page_level_css":"","footnotes":""},"class_list":["post-2","page","type-page","status-publish","has-post-thumbnail","hentry"],"acf":[],"uagb_featured_image_src":{"full":["https:\/\/scuole.portaleragazzi.it\/giotto-4a\/files\/testata-4a-giotto_25-26_1280.jpg",1280,450,false],"thumbnail":["https:\/\/scuole.portaleragazzi.it\/giotto-4a\/files\/testata-4a-giotto_25-26_1280-150x150.jpg",150,150,true],"medium":["https:\/\/scuole.portaleragazzi.it\/giotto-4a\/files\/testata-4a-giotto_25-26_1280-300x105.jpg",300,105,true],"medium_large":["https:\/\/scuole.portaleragazzi.it\/giotto-4a\/files\/testata-4a-giotto_25-26_1280-768x270.jpg",768,270,true],"large":["https:\/\/scuole.portaleragazzi.it\/giotto-4a\/files\/testata-4a-giotto_25-26_1280-1024x360.jpg",1024,360,true],"1536x1536":["https:\/\/scuole.portaleragazzi.it\/giotto-4a\/files\/testata-4a-giotto_25-26_1280.jpg",1280,450,false],"2048x2048":["https:\/\/scuole.portaleragazzi.it\/giotto-4a\/files\/testata-4a-giotto_25-26_1280.jpg",1280,450,false],"post-thumbnail":["https:\/\/scuole.portaleragazzi.it\/giotto-4a\/files\/testata-4a-giotto_25-26_1280-100x50.jpg",100,50,true],"fcrf_cover":["https:\/\/scuole.portaleragazzi.it\/giotto-4a\/files\/testata-4a-giotto_25-26_1280.jpg",1280,450,false],"fcrf_big":["https:\/\/scuole.portaleragazzi.it\/giotto-4a\/files\/testata-4a-giotto_25-26_1280.jpg",1280,450,false],"fcrf_quad":["https:\/\/scuole.portaleragazzi.it\/giotto-4a\/files\/testata-4a-giotto_25-26_1280-600x450.jpg",600,450,true],"fcrf_single":["https:\/\/scuole.portaleragazzi.it\/giotto-4a\/files\/testata-4a-giotto_25-26_1280-850x450.jpg",850,450,true],"fcrf_correlati":["https:\/\/scuole.portaleragazzi.it\/giotto-4a\/files\/testata-4a-giotto_25-26_1280-358x250.jpg",358,250,true],"fcrf_home":["https:\/\/scuole.portaleragazzi.it\/giotto-4a\/files\/testata-4a-giotto_25-26_1280-400x400.jpg",400,400,true],"fcrf_mosaico":["https:\/\/scuole.portaleragazzi.it\/giotto-4a\/files\/testata-4a-giotto_25-26_1280-600x400.jpg",600,400,true]},"uagb_author_info":{"display_name":"Admin","author_link":"https:\/\/scuole.portaleragazzi.it\/giotto-4a\/author\/portalesc\/"},"uagb_comment_info":0,"uagb_excerpt":"Ciao siamo la 4^ A della Giotto, la nostra scuola \u00e8 vicino al centro storico di Firenze. Da Novembre siamo in 25 perch\u00e9 \u00e8 andato via un nostro compagno. Siamo [&hellip;]","_links":{"self":[{"href":"https:\/\/scuole.portaleragazzi.it\/giotto-4a\/wp-json\/wp\/v2\/pages\/2","targetHints":{"allow":["GET"]}}],"collection":[{"href":"https:\/\/scuole.portaleragazzi.it\/giotto-4a\/wp-json\/wp\/v2\/pages"}],"about":[{"href":"https:\/\/scuole.portaleragazzi.it\/giotto-4a\/wp-json\/wp\/v2\/types\/page"}],"author":[{"embeddable":true,"href":"https:\/\/scuole.portaleragazzi.it\/giotto-4a\/wp-json\/wp\/v2\/users\/118"}],"replies":[{"embeddable":true,"href":"https:\/\/scuole.portaleragazzi.it\/giotto-4a\/wp-json\/wp\/v2\/comments?post=2"}],"version-history":[{"count":35,"href":"https:\/\/scuole.portaleragazzi.it\/giotto-4a\/wp-json\/wp\/v2\/pages\/2\/revisions"}],"predecessor-version":[{"id":1357,"href":"https:\/\/scuole.portaleragazzi.it\/giotto-4a\/wp-json\/wp\/v2\/pages\/2\/revisions\/1357"}],"wp:featuredmedia":[{"embeddable":true,"href":"https:\/\/scuole.portaleragazzi.it\/giotto-4a\/wp-json\/wp\/v2\/media\/1340"}],"wp:attachment":[{"href":"https:\/\/scuole.portaleragazzi.it\/giotto-4a\/wp-json\/wp\/v2\/media?parent=2"}],"curies":[{"name":"wp","href":"https:\/\/api.w.org\/{rel}","templated":true}]}}