{"id":2,"date":"2013-11-16T18:47:17","date_gmt":"2013-11-16T17:47:17","guid":{"rendered":"http:\/\/scuole.portaleragazzi.it\/galilei-4a\/?page_id=2"},"modified":"2025-12-24T13:38:20","modified_gmt":"2025-12-24T12:38:20","slug":"ci-presentiamo","status":"publish","type":"page","link":"https:\/\/scuole.portaleragazzi.it\/galilei-4a\/ci-presentiamo\/","title":{"rendered":"Ci presentiamo&#8230;"},"content":{"rendered":"\n<p class=\"wp-block-paragraph\"><strong>Benvenuti nel Blog della 4A!<\/strong><\/p>\n\n\n\n<p class=\"wp-block-paragraph\">Grazie per essere qui e leggere il nostro primo post!<br>Insieme, quest\u2019anno, staremo qui a raccontarvi le nostre giornate.<br>Ognuno di noi \u00e8 diverso, ed \u00e8 questa la cosa bella della nostra classe.<br>In classe siamo un po&#8217; rumorosi, ma quest&#8217;anno cercheremo di essere migliori!<br>Attraverso i nostri racconti, speriamo di tenervi compagnia e portarvi gioia e allegria.<br>Buona lettura!<br><strong><em>A cura di Beatrice<\/em><\/strong><\/p>\n\n\n\n<p class=\"wp-block-paragraph\">Menti Brillanti tra i Colli Pi\u00f9 Belli<br>Sulle colline dove il sole si posa,<br>la nostra scuola \u00e8 la piu\u2019 luminosa.<br>Non perdiamo un minuto di lezione ,<br>con grande voglia e dedizione .<br>Si impara tanto con la mente sveglia,<br>e a casa la sera mangiamo tutto quello che c\u2019e\u2019 in teglia.<br>Di sport pratichiamo ogni disciplina,<br>corriamo e giochiamo dalla sera alla mattina.<br>Maschi siamo dieci e bambine sono otto in allegria totale la nostra energia \u00e8 davvero speciale.<br>Abbiamo un nome che ci rende fieri,<br>la 4a A senza pi\u00f9 misteri!!!<br><strong><em>A cura di Matteo<\/em><\/strong><\/p>\n\n\n\n<p class=\"wp-block-paragraph\">Tanti, Matti, e con un Sacco di Hobby!<br>Ciao noi siamo la 4\u00b0 Galileo Galilei ma non siamo una classe qualunque<br>perch\u00e9 siamo in tanti e quindi ognuno di noi \u00e8 divertente nel suo modo di essere.&nbsp;<br>GIULIO.C hobby: giocare a calcio.&nbsp;<br>GIULIO.B hobby: scambiare figurine.&nbsp;<br>MATTEO.B hobby: fare i pigiama party.&nbsp;<br>MATTEO.R hobby: correre.&nbsp;<br>ARIANNA hobby : giocare con gli animali.&nbsp;<br>ALESSANDRA hobby : parlare con le sue amiche.&nbsp;<br>ALICE hobby: danzare.&nbsp;<br>ELISABETTA hobby : giocare ai videogiochi.&nbsp;<br>BEATRICE hobby : nuotare.&nbsp;<br>GIORGIA hobby : fare ridere gli altri.&nbsp;<br>IRENE hobby : giocare con gli animali.&nbsp;<br>GAIA hobby : comprare penne legami.&nbsp;<br>LORENZO hobby : leggere Geronimo.&nbsp;<br>GABRIEL hobby : mangiare toast.&nbsp;<br>AMERIGO hobby : studiare le nazioni.&nbsp;<br>LEONARDO hobby : disegnare.&nbsp;<br>GREGORIO hobby : guardare anime.&nbsp;<br>CRISTIAN hobby : esplorare nuove citt\u00e0.<br><strong><em>A cura di Cristian<\/em><\/strong><\/p>\n\n\n\n<p class=\"wp-block-paragraph\">18 Voci, Un Blog: Entra nella 4\u00aa A!<br>Ciao dalla 4a&nbsp;A della Galilei,<br>siamo 18 bambini, e tu chi sei?<br>Sarai nostro lettore se vorrai<br>e siamo certi che non ti pentirai!<br>Nel blog di classe ci impegneremo<br>con poesie e racconti che pubblicheremo;<br>ci saranno foto a volont\u00e0<br>e la nostra amicizia si rafforzer\u00e0!<br>Leggi con cura le nostre storie<br>che mantengono vive le nostre memorie.<br>Adesso con gioia ti salutiamo<br>prima per\u00f2 ti diciamo chi siamo:<br>Gregorio, Cristian, Amerigo e Matteo,<br>Lorenzo, Gabriel e un altro Matteo,<br>Giulio, Giulio, Leonardo,&nbsp;Alice,<br>poi&nbsp;Elisabetta, Alessandra e Beatrice,<br>Gaia, Arianna, Giorgia ed Irene\u2026<br>Leggici, non te ne pentirai e potrai tornare quando vorrai!!!<br><strong><em>A cura di Alice<\/em><\/strong><\/p>\n\n\n\n<p class=\"wp-block-paragraph\">Il Codice Segreto del Giardino: Le Nostre Storie Inedite Vi Aspettano\u2026<br>\u200bBenvenuti nel Blog della Quarta, lo spazio dove scoprirete la nostra gioia, i nostri lavoretti creativi e i nostri pensieri!<br>\u200bScriveremo fiabe, storie, racconti e cose emozionanti, con la speranza di non farvi annoiare.<br>\u200bLa nostra classe \u00e8 molto unita: siamo diciotto alunni scatenati, ma anche carini ed educati, e tutti siamo diversi e unici!<br>\u200bIn giardino ci scateniamo: i maschi giocano a calcio o si scambiano le figurine, mentre le femmine chiacchierano. A volte, per\u00f2, giochiamo tutti insieme a nascondino o ad acchiapparella, un gioco bellissimo! Quando giochiamo, ci scateniamo come dei piccoli mostriciattoli felici!<br>\u200bSperiamo che vi divertiate a leggere il nostro blog.<br><strong><em>A cura di Irene\u200b<\/em><\/strong><\/p>\n\n\n\n<p class=\"wp-block-paragraph\">Che classe pazza!<br>Siamo una classe rumorosa, movimentata e pazza.<br>Ogni giorno siamo fra matite , quaderni e libri\u2026.Ma quando c&#8217;\u00e8 la ricreazione c&#8217;\u00e8 chi corre veloce come un razzo e chi studia come un pazzo !!<br>La maestra \u00e8 divertente ma a volte sgrida la gente !!<br>Cos\u00ec tra numeri , testi e compiti la classe quarta \u00e8 un&#8217; avventura tutta da scoprire!!!<br><strong><em>A cura di Lorenzo<\/em><\/strong><\/p>\n\n\n\n<p class=\"wp-block-paragraph\">4A 4A ECCOCI QUA!<br>4A 4A<br>LA PIU&#8217; BELLA ECCOCI QUA&#8217;<br>I MASCHI SONO 10 LE FEMMINE 8<br>QUANDO SIAMO TUTTI INSIEME FACCIAMO UN 48.<br>4A 4A<br>LA PIU&#8217; BELLA ECCOCI QUA&#8217;<br>CON GILDA , FRANCESCA E SERENA<br>SI STUDIA E A MENSA ABBIAMO SEMPRE LA PANCIA<br>PIENA.<br>4A 4A<br>LA PIU&#8217; BELLA ECCOCI QUA&#8217;<br>NOI SIAM SEMPRE PRESENTI<br>ANCHE QUANDO CI SONO TANTI ASSENTI<br><strong><em>A cura di Elisabetta<\/em><\/strong><\/p>\n\n\n\n<p class=\"wp-block-paragraph\">Benvenuti, vi presentiamo la classe digitale 4a della Galileo Galilei.<br>Siamo una classe un p\u00f2 agitata ma molto fantasiosa.<br>Quando abbiamo tempo libero giochiamo ad acchiapparella e ci divertiamo molto a stare tutti insieme.<br>Questo \u00e8 il nostro Blog e speriamo che vi piacer\u00e0.<br>Ciao!<\/p>\n\n\n\n<p class=\"wp-block-paragraph\">Ciao,<br>siamo la classe 4\u00b0a della scuola Galileo Galilei e siamo 18 alunni,8 femmine e 10 maschi.<br>Gli sport preferiti sono: il calcio, il tennis, danza, equitazione, karate ecc&#8230;<br>Alla maggior parte della classe piace fare ricreazione in giardino.<br>Abbiamo 2 giardini e sono abbastanza grandi, uno ha 2 alberi e l&#8217;altro ha un canestro e una cesta con gli attrezzi di motoria. La nostra classe \u00e8 molto chiassosa, per\u00f2 stiamo cercando di migliorare.<\/p>\n\n\n\n<p class=\"wp-block-paragraph\">La mia classe.<br>Ciao! Siamo la 4A della scuola Galileo Galilei, sulle colline di Firenze.Tutti noi messi insieme, visto che ognuno di noi ha un carattere, formiamo una sola emozione: un mix tra curiosit\u00e0 e gentilezza.Ci aiutiamo tra di noi e siamo molto curiosi di scoprire cose nuove .Siamo gentili ma allo stesso tempo un p\u00f2 birboni\u2026 Nella mia classe siamo quasi tutti molto sportivi: alcuni fanno danza, altri calcio, altri ancora tennis e atletica, un p\u00f2 di tutto e\u2026Ah, gi\u00e0! Dimenticavo, siamo anche molto accoglienti!<br><strong><em>A cura di Amerigo<\/em><\/strong><\/p>\n\n\n\n<p class=\"wp-block-paragraph\">\u200bIV A: 18 Alunni, 4 Maestre\u2026 E 1 Tonnellata di Compiti (che facciamo col sorriso!)<br>Ciao a tutti! Siamo la IV A della Galileo Galilei, 10 maschi e 8 femmine! <br>Siamo sempre attivi e super sportivi! <br>Ecco la nostra squadra: Matteo B., Matteo R., Lorenzo, Balda, Giulio, Alessandra, Giorgia, Gregorio, Leonardo, Gabri, Cristian, Arianna, Ame, Irene, Elisabetta, Bea, Alice.<br>Ai maschi piacciono: karate, tennis, calcio, lotta greco romana, atletica e basket!<br>Invece alle femmine piace danza classica e moderna, pop, pianoforte, nuoto!<br>Ogni giorno ci divertiamo un mondo, scopriamo nuove curiosit\u00e0 e facciamo sempre avventure (gite)!<br>A volte facciamo un po&#8217; di baccano, soprattutto i maschi!  <br>Le nostre fantastiche maestre sono Francesca, Gilda, Mariella e Serena.<br>A volte ci caricano di compiti, ma alla fine ci divertiamo sempre! <br><strong><em>A cura di Matteo<\/em><\/strong><\/p>\n\n\n\n<p class=\"wp-block-paragraph\">\u200bBenvenuti nel Vulcano della Galileo!<br>\u200bCiao a tutti, amanti delle avventure!<br>\u200bSiamo la Quarta A della Scuola Galileo Galilei, e siamo pronti a invadere il web con le nostre storie!<br>\u200bIn classe siamo in diciotto, e c&#8217;\u00e8 una cosa che amiamo fare: farci sentire! S\u00ec, siamo decisamente molto rumorosi, e il nostro luogo preferito \u00e8 il giardino, dove possiamo sfogare tutta la nostra energia.<br>\u200bLa squadra \u00e8 divisa cos\u00ec:<br>\u200bI Maschi Agitati (e Sportivi!): Sono un vero vulcano! I loro sport preferiti? Calcio, tennis, nuoto e basket! <br>\u200bLe Femmine Tranquille (e Chiacchierone!): Loro mantengono la calma\u2026 Chiacchierando! Amano stare insieme e condividere pensieri e risate.<br>\u200bSiamo tutti diversi, ma questa \u00e8 la nostra forza! Il risultato \u00e8 una classe super simpatica e pronta a tutto.<br>\u200bEccoli i nomi di questa fantastica banda: Matteo, Lorenzo, Giulio B., Arianna, Alice, Irene, Amerigo, Cristian, Gabriel, Elisabetta, Giorgia, Alessandra, Giulio C., Beatrice, Leonardo, Matteo B. e Gregorio.<br>\u200bA presto, non perdetevi le nostre prossime letture! Ciao!<br><strong><em>A cura Gaia<\/em><\/strong><\/p>\n\n\n\n<p class=\"wp-block-paragraph\">La Nostra Banda \u00e8 al Completo!<br>Ciao!<br>Io e la mia classe siamo la IV A della Scuola Galileo Galilei.<br>La nostra classe \u00e8 composta da diciotto bambini, prima eravamo diciassette, ma con il nuovo arrivo,i Matteo, siamo in diciotto.<br>Siamo dieci maschi e otto femmine.<br>Il gruppo dei maschi \u00e8 molto unito. Quando litighiamo tra di noi ci perdoniamo dopo un minuto; invece le femmine sono proprio il nostro contrario, perch\u00e9 si perdonano dopo tantissimo tempo.<br>A quasi tutti i maschi piace giocare a calcio, scambiare carte Pok\u00e9mon, rincorrersi, parlare di varie cose, talvolta giocare ai solitari e infine parlare del loro sport preferito.<br>Alle femmine piace colorare, fare i compiti al doposcuola, disegnare e fare cose molto strane.<br>Nella nostra classe ci sono tanti bambini a cui piace lo sport: Lorenzo, Giorgia, Elisabetta, Matteo, Gabriel, Cristian, io, Giulio Baldaccini, Matteo Baccetti, Beatrice, Arianna e tutti gli altri.<br>In realt\u00e0 siamo tutti molto diversi, ma simpatici.<br>Tutte le nostre maestre sono molto brave, insegnano bene e ci difendono dai bambini di V.<br>Quindi la mia classe \u00e8 molto bella. Ciao e alla prossima!<br><strong><em>A cura Giulio C.<\/em><\/strong><\/p>\n\n\n\n<p class=\"wp-block-paragraph\">LA MIA CLASSE<br>Buongiorno!<br>Siamo la classe 4\u00b0 della scuola Galileo Galilei. Siamo composti da 10 maschi e 8 femmine.<br>I maschi passano la ricreazione giocando a calcio e scambiando figurine, invece le femmine sono sempre a chiacchierare o a fare altri giochi.<br>I 18 bambini sono: Lorenzo, Giulio B., Gabriel, Amerigo, Gregorio, Cristian, Leonardo, Giulio C, Matteo R, Matteo B, Giorgia, Gaia, Beatrice, Elisabetta, Irene, Arianna, Alice e Alessandra.<br>Penso che per tutti il momento pi\u00f9 bello della giornata sia la ricreazione.<br>Abbiamo 6 maestre: Gilda, Francesca, Serena, Mariella, Marta e Claudia che \u00e8 la maestra del post scuola.<br>La nostra scuola \u00e8 bella perch\u00e9 c\u2019\u00e8 solo una sezione e perch\u00e9 ci sono pochi bambini. La scuola \u00e8 molto difficile ma \u00e8 anche molto divertente. A scuola abbiamo anche 2 progetti: uno di musica e uno di inglese. A quello di musica facciamo coro e ukulele, invece a quello di inglese impariamo nuove parole di inglese.<br>Ciao, alla prossima volta.<br><strong><em>A cura di Gabriel<\/em><\/strong><\/p>\n\n\n\n<p class=\"wp-block-paragraph\">Attenzione, Attenzione! \u00c8 Arrivata la 4\u00aa A!<br>\u200bCiao Maestra, questo \u00e8 il testo per il nostro blog di classe!<br>\u200bBenvenuti a tutti nel nostro spazio virtuale! Noi siamo la Quarta A della Scuola G. Galilei, una squadra di diciotto bambini super-carichi, pronti a tutto, molto simpatici e amicizia \u00e8 la nostra parola d&#8217;ordine!<br>\u200bSiamo:<br>\u2022 \u200bOtto Bambine<br>\u2022 \u200bDieci Bambini<br>\u200bCosa troverete nel nostro blog? Vi racconteremo tutte le nostre avventure pi\u00f9 belle: le nostre imprese sportive, le emozioni delle gite scolastiche, i nostri progetti creativi e tantissime altre cose divertenti!<br>\u200bNon vediamo l&#8217;ora di condividere tutto con voi! Vi aspettiamo!<br>\u200bLa Nostra Fantastica Squadra:<br>\u200bI Ragazzi:<br>\u2022 \u200bLORENZO<br>\u2022 \u200bGIULIO B.<br>\u2022 \u200bGABRIEL<br>\u2022 \u200bGIULIO C.<br>\u2022 \u200bMATTEO B.<br>\u2022 \u200bMATTEO R.<br>\u2022 \u200bLEONARDO<br>\u2022 \u200bGREGORIO<br>\u2022 \u200bAMERIGO<br>\u2022 \u200bCRISTIAN<br>\u200bLe Ragazze:<br>\u2022 \u200bGIORGIA<br>\u2022 \u200bELISABETTA<br>\u2022 \u200bBEATRICE<br>\u2022 \u200bARIANNA<br>\u2022 \u200bALESSANDRA<br>\u2022 \u200bALICE<br>\u2022 \u200bIRENE<br>\u2022 \u200bGAIA<br><strong><em>A cura di Giorgia<\/em><\/strong><\/p>\n\n\n\n<p class=\"wp-block-paragraph\">Che bomba di classe!<br>Noi siamo la classe 4^a della Scuola Galileo Galilei, siamo in diciotto: dieci maschi e otto femmine. Le nostre maestre si chiamano: Gilda, Francesca, Serena, Mariella e Marta; organizzano tante cose tipo gite ai musei, spettacoli a teatro, gite ai parchi avventura ecc\u2026<br>Su questo blog scriveremo articoli sulle nostre attivit\u00e0\u2019. Sicuramente saranno articoli bomba!!!<br><strong><em>A cura di Giulio B.<\/em><\/strong><\/p>\n\n\n\n<p class=\"wp-block-paragraph\">I 18 Adorabili CONTRASTI della Galileo Galilei.<br>Noi siamo la IV A della scuola Galileo Galilei. Siamo dieci maschi e otto femmine, in tuttodiciotto piccole adorabili pesti.<br>I maschi pensano solo alle carte Pokemon e al calcio anche se nella nostra scuola non si pu\u00f2 fare!<br>Le femmine, invece, adorano le cose glitter, fare shopping, gli oggetti pelosi e i cuccioli.<br>Alcune volte giochiamo tutti insieme, i maschi e le femmine, ad acchiapparella e ci trasformiamo in dei pazzi scatenati.<br>In classe nostra alcuni giorni c\u2019\u00e8 un silenzio tombale mentre altri sembriamo dei Gremlins.<br>Ci piace fare gite, gli esperimenti a scienze ma adoriamo anche tecnologia perch\u00e9 si usano icomputer.<br>Speriamo di avervi incuriosito con queste informazioni.<\/p>\n\n\n\n<figure class=\"wp-block-image size-large is-resized\"><a href=\"https:\/\/scuole.portaleragazzi.it\/galilei-4a\/files\/testata-4a-galilei_25-26_1280.jpg\"><img loading=\"lazy\" decoding=\"async\" width=\"1024\" height=\"357\" src=\"https:\/\/scuole.portaleragazzi.it\/galilei-4a\/files\/testata-4a-galilei_25-26_1280-1024x357.jpg\" alt=\"\" class=\"wp-image-1337\" style=\"width:800px\" srcset=\"https:\/\/scuole.portaleragazzi.it\/galilei-4a\/files\/testata-4a-galilei_25-26_1280-1024x357.jpg 1024w, https:\/\/scuole.portaleragazzi.it\/galilei-4a\/files\/testata-4a-galilei_25-26_1280-300x105.jpg 300w, https:\/\/scuole.portaleragazzi.it\/galilei-4a\/files\/testata-4a-galilei_25-26_1280-768x268.jpg 768w, https:\/\/scuole.portaleragazzi.it\/galilei-4a\/files\/testata-4a-galilei_25-26_1280.jpg 1280w\" sizes=\"auto, (max-width: 1024px) 100vw, 1024px\" \/><\/a><\/figure>\n\n\n\n<figure class=\"wp-block-image size-full\"><a href=\"https:\/\/scuole.portaleragazzi.it\/galilei-4a\/files\/testata-4a-galilei_25-26_800_1.jpg\"><img loading=\"lazy\" decoding=\"async\" width=\"800\" height=\"821\" src=\"https:\/\/scuole.portaleragazzi.it\/galilei-4a\/files\/testata-4a-galilei_25-26_800_1.jpg\" alt=\"\" class=\"wp-image-1342\" srcset=\"https:\/\/scuole.portaleragazzi.it\/galilei-4a\/files\/testata-4a-galilei_25-26_800_1.jpg 800w, https:\/\/scuole.portaleragazzi.it\/galilei-4a\/files\/testata-4a-galilei_25-26_800_1-292x300.jpg 292w, https:\/\/scuole.portaleragazzi.it\/galilei-4a\/files\/testata-4a-galilei_25-26_800_1-768x788.jpg 768w\" sizes=\"auto, (max-width: 800px) 100vw, 800px\" \/><\/a><\/figure>\n\n\n\n<figure class=\"wp-block-image size-large is-resized\"><a href=\"https:\/\/scuole.portaleragazzi.it\/galilei-4a\/files\/testata-4a-galilei_25-26_800_2.jpg\"><img loading=\"lazy\" decoding=\"async\" width=\"721\" height=\"1024\" src=\"https:\/\/scuole.portaleragazzi.it\/galilei-4a\/files\/testata-4a-galilei_25-26_800_2-721x1024.jpg\" alt=\"\" class=\"wp-image-1343\" style=\"width:801px\" srcset=\"https:\/\/scuole.portaleragazzi.it\/galilei-4a\/files\/testata-4a-galilei_25-26_800_2-721x1024.jpg 721w, https:\/\/scuole.portaleragazzi.it\/galilei-4a\/files\/testata-4a-galilei_25-26_800_2-211x300.jpg 211w, https:\/\/scuole.portaleragazzi.it\/galilei-4a\/files\/testata-4a-galilei_25-26_800_2-768x1091.jpg 768w, https:\/\/scuole.portaleragazzi.it\/galilei-4a\/files\/testata-4a-galilei_25-26_800_2.jpg 800w\" sizes=\"auto, (max-width: 721px) 100vw, 721px\" \/><\/a><\/figure>\n\n\n\n<figure class=\"wp-block-image size-full\"><a href=\"https:\/\/scuole.portaleragazzi.it\/galilei-4a\/files\/testata-4a-galilei_25-26_800_3.jpg\"><img loading=\"lazy\" decoding=\"async\" width=\"800\" height=\"824\" src=\"https:\/\/scuole.portaleragazzi.it\/galilei-4a\/files\/testata-4a-galilei_25-26_800_3.jpg\" alt=\"\" class=\"wp-image-1344\" srcset=\"https:\/\/scuole.portaleragazzi.it\/galilei-4a\/files\/testata-4a-galilei_25-26_800_3.jpg 800w, https:\/\/scuole.portaleragazzi.it\/galilei-4a\/files\/testata-4a-galilei_25-26_800_3-291x300.jpg 291w, https:\/\/scuole.portaleragazzi.it\/galilei-4a\/files\/testata-4a-galilei_25-26_800_3-768x791.jpg 768w\" sizes=\"auto, (max-width: 800px) 100vw, 800px\" \/><\/a><\/figure>\n\n\n\n<figure class=\"wp-block-image size-full\"><a href=\"https:\/\/scuole.portaleragazzi.it\/galilei-4a\/files\/testata-4a-galilei_25-26_800_4.jpg\"><img loading=\"lazy\" decoding=\"async\" width=\"800\" height=\"566\" src=\"https:\/\/scuole.portaleragazzi.it\/galilei-4a\/files\/testata-4a-galilei_25-26_800_4.jpg\" alt=\"\" class=\"wp-image-1346\" srcset=\"https:\/\/scuole.portaleragazzi.it\/galilei-4a\/files\/testata-4a-galilei_25-26_800_4.jpg 800w, https:\/\/scuole.portaleragazzi.it\/galilei-4a\/files\/testata-4a-galilei_25-26_800_4-300x212.jpg 300w, https:\/\/scuole.portaleragazzi.it\/galilei-4a\/files\/testata-4a-galilei_25-26_800_4-768x543.jpg 768w\" sizes=\"auto, (max-width: 800px) 100vw, 800px\" \/><\/a><\/figure>\n\n\n\n<figure class=\"wp-block-image size-large is-resized\"><a href=\"https:\/\/scuole.portaleragazzi.it\/galilei-4a\/files\/logo-4a-galilei_25-26_800_1.jpg\"><img loading=\"lazy\" decoding=\"async\" width=\"676\" height=\"1024\" src=\"https:\/\/scuole.portaleragazzi.it\/galilei-4a\/files\/logo-4a-galilei_25-26_800_1-676x1024.jpg\" alt=\"\" class=\"wp-image-1347\" style=\"width:800px\" srcset=\"https:\/\/scuole.portaleragazzi.it\/galilei-4a\/files\/logo-4a-galilei_25-26_800_1-676x1024.jpg 676w, https:\/\/scuole.portaleragazzi.it\/galilei-4a\/files\/logo-4a-galilei_25-26_800_1-198x300.jpg 198w, https:\/\/scuole.portaleragazzi.it\/galilei-4a\/files\/logo-4a-galilei_25-26_800_1-768x1164.jpg 768w, https:\/\/scuole.portaleragazzi.it\/galilei-4a\/files\/logo-4a-galilei_25-26_800_1.jpg 800w\" sizes=\"auto, (max-width: 676px) 100vw, 676px\" \/><\/a><\/figure>\n\n\n\n<figure class=\"wp-block-image size-full\"><a href=\"https:\/\/scuole.portaleragazzi.it\/galilei-4a\/files\/logo-4a-galilei_25-26_800_2.jpg\"><img loading=\"lazy\" decoding=\"async\" width=\"400\" height=\"436\" src=\"https:\/\/scuole.portaleragazzi.it\/galilei-4a\/files\/logo-4a-galilei_25-26_800_2.jpg\" alt=\"\" class=\"wp-image-1348\" srcset=\"https:\/\/scuole.portaleragazzi.it\/galilei-4a\/files\/logo-4a-galilei_25-26_800_2.jpg 400w, https:\/\/scuole.portaleragazzi.it\/galilei-4a\/files\/logo-4a-galilei_25-26_800_2-275x300.jpg 275w\" sizes=\"auto, (max-width: 400px) 100vw, 400px\" \/><\/a><\/figure>\n\n\n\n<p class=\"wp-block-paragraph\"><\/p>\n","protected":false},"excerpt":{"rendered":"<p>Benvenuti nel Blog della 4A! Grazie per essere qui e leggere il nostro primo post!Insieme, quest\u2019anno, staremo qui a raccontarvi le nostre giornate.Ognuno di noi \u00e8 diverso, ed \u00e8 questa [&hellip;]<\/p>\n","protected":false},"author":118,"featured_media":1337,"parent":0,"menu_order":0,"comment_status":"open","ping_status":"closed","template":"","meta":{"_acf_changed":false,"_crdt_document":"","_uag_custom_page_level_css":"","footnotes":""},"class_list":["post-2","page","type-page","status-publish","has-post-thumbnail","hentry"],"acf":[],"uagb_featured_image_src":{"full":["https:\/\/scuole.portaleragazzi.it\/galilei-4a\/files\/testata-4a-galilei_25-26_1280.jpg",1280,446,false],"thumbnail":["https:\/\/scuole.portaleragazzi.it\/galilei-4a\/files\/testata-4a-galilei_25-26_1280-150x150.jpg",150,150,true],"medium":["https:\/\/scuole.portaleragazzi.it\/galilei-4a\/files\/testata-4a-galilei_25-26_1280-300x105.jpg",300,105,true],"medium_large":["https:\/\/scuole.portaleragazzi.it\/galilei-4a\/files\/testata-4a-galilei_25-26_1280-768x268.jpg",768,268,true],"large":["https:\/\/scuole.portaleragazzi.it\/galilei-4a\/files\/testata-4a-galilei_25-26_1280-1024x357.jpg",1024,357,true],"1536x1536":["https:\/\/scuole.portaleragazzi.it\/galilei-4a\/files\/testata-4a-galilei_25-26_1280.jpg",1280,446,false],"2048x2048":["https:\/\/scuole.portaleragazzi.it\/galilei-4a\/files\/testata-4a-galilei_25-26_1280.jpg",1280,446,false],"post-thumbnail":["https:\/\/scuole.portaleragazzi.it\/galilei-4a\/files\/testata-4a-galilei_25-26_1280-100x50.jpg",100,50,true],"fcrf_cover":["https:\/\/scuole.portaleragazzi.it\/galilei-4a\/files\/testata-4a-galilei_25-26_1280.jpg",1280,446,false],"fcrf_big":["https:\/\/scuole.portaleragazzi.it\/galilei-4a\/files\/testata-4a-galilei_25-26_1280.jpg",1280,446,false],"fcrf_quad":["https:\/\/scuole.portaleragazzi.it\/galilei-4a\/files\/testata-4a-galilei_25-26_1280-600x446.jpg",600,446,true],"fcrf_single":["https:\/\/scuole.portaleragazzi.it\/galilei-4a\/files\/testata-4a-galilei_25-26_1280-850x446.jpg",850,446,true],"fcrf_correlati":["https:\/\/scuole.portaleragazzi.it\/galilei-4a\/files\/testata-4a-galilei_25-26_1280-358x250.jpg",358,250,true],"fcrf_home":["https:\/\/scuole.portaleragazzi.it\/galilei-4a\/files\/testata-4a-galilei_25-26_1280-400x400.jpg",400,400,true],"fcrf_mosaico":["https:\/\/scuole.portaleragazzi.it\/galilei-4a\/files\/testata-4a-galilei_25-26_1280-600x400.jpg",600,400,true]},"uagb_author_info":{"display_name":"Admin","author_link":"https:\/\/scuole.portaleragazzi.it\/galilei-4a\/author\/portalesc\/"},"uagb_comment_info":0,"uagb_excerpt":"Benvenuti nel Blog della 4A! Grazie per essere qui e leggere il nostro primo post!Insieme, quest\u2019anno, staremo qui a raccontarvi le nostre giornate.Ognuno di noi \u00e8 diverso, ed \u00e8 questa [&hellip;]","_links":{"self":[{"href":"https:\/\/scuole.portaleragazzi.it\/galilei-4a\/wp-json\/wp\/v2\/pages\/2","targetHints":{"allow":["GET"]}}],"collection":[{"href":"https:\/\/scuole.portaleragazzi.it\/galilei-4a\/wp-json\/wp\/v2\/pages"}],"about":[{"href":"https:\/\/scuole.portaleragazzi.it\/galilei-4a\/wp-json\/wp\/v2\/types\/page"}],"author":[{"embeddable":true,"href":"https:\/\/scuole.portaleragazzi.it\/galilei-4a\/wp-json\/wp\/v2\/users\/118"}],"replies":[{"embeddable":true,"href":"https:\/\/scuole.portaleragazzi.it\/galilei-4a\/wp-json\/wp\/v2\/comments?post=2"}],"version-history":[{"count":35,"href":"https:\/\/scuole.portaleragazzi.it\/galilei-4a\/wp-json\/wp\/v2\/pages\/2\/revisions"}],"predecessor-version":[{"id":1396,"href":"https:\/\/scuole.portaleragazzi.it\/galilei-4a\/wp-json\/wp\/v2\/pages\/2\/revisions\/1396"}],"wp:featuredmedia":[{"embeddable":true,"href":"https:\/\/scuole.portaleragazzi.it\/galilei-4a\/wp-json\/wp\/v2\/media\/1337"}],"wp:attachment":[{"href":"https:\/\/scuole.portaleragazzi.it\/galilei-4a\/wp-json\/wp\/v2\/media?parent=2"}],"curies":[{"name":"wp","href":"https:\/\/api.w.org\/{rel}","templated":true}]}}