{"id":2,"date":"2013-11-16T18:47:17","date_gmt":"2013-11-16T17:47:17","guid":{"rendered":"http:\/\/scuole.portaleragazzi.it\/calamandrei-2c\/?page_id=2"},"modified":"2025-12-18T23:44:07","modified_gmt":"2025-12-18T22:44:07","slug":"ci-presentiamo","status":"publish","type":"page","link":"https:\/\/scuole.portaleragazzi.it\/calamandrei-2c\/ci-presentiamo\/","title":{"rendered":"Ci presentiamo&#8230;"},"content":{"rendered":"<div class=\"wp-block-image\">\n<figure class=\"alignright size-full\"><a href=\"https:\/\/scuole.portaleragazzi.it\/calamandrei-2c\/files\/pulsante-2c-calamandrei-25_26-400.jpg\"><img loading=\"lazy\" decoding=\"async\" width=\"400\" height=\"400\" src=\"https:\/\/scuole.portaleragazzi.it\/calamandrei-2c\/files\/pulsante-2c-calamandrei-25_26-400.jpg\" alt=\"\" class=\"wp-image-1565\" srcset=\"https:\/\/scuole.portaleragazzi.it\/calamandrei-2c\/files\/pulsante-2c-calamandrei-25_26-400.jpg 400w, https:\/\/scuole.portaleragazzi.it\/calamandrei-2c\/files\/pulsante-2c-calamandrei-25_26-400-300x300.jpg 300w, https:\/\/scuole.portaleragazzi.it\/calamandrei-2c\/files\/pulsante-2c-calamandrei-25_26-400-150x150.jpg 150w\" sizes=\"auto, (max-width: 400px) 100vw, 400px\" \/><\/a><\/figure>\n<\/div>\n\n\n<p class=\"wp-block-paragraph\">Ciao noi siamo la 2C; quest\u2019anno siamo in 25, 17 maschi e 8 femmine.<br>Quest\u2019anno la classe si \u00e8 arricchita di due nuovi compagni: Nikolas e Amanuel.<\/p>\n\n\n\n<p class=\"wp-block-paragraph\">Le parole preferite dai ragazzi sono: <em>lo zio, Pennellessa, Fra, Casssino<\/em>.<\/p>\n\n\n\n<p class=\"wp-block-paragraph\">Le parole preferite dalle ragazze sono: <em>allora scusa, gasa, peso, crazy ragazzi, amo, top, Figaro<\/em>.<\/p>\n\n\n\n<p class=\"wp-block-paragraph\">Ci troviamo bene, ma gi\u00e0 dalla terza settimana sono iniziate le verifiche e le interrogazioni e la matematica continua a non piacerci.<\/p>\n\n\n\n<p class=\"wp-block-paragraph\">Pensate ora non possiamo nemmeno pi\u00f9 giocare a qualsiasi sport, per questo noi maschi siamo contrari perch\u00e9 non ci fanno giocare pi\u00f9 a calcio.<\/p>\n\n\n\n<p class=\"wp-block-paragraph\">Gli obiettivi di questo anno sono di fare meno cassino, di arrivare in fondo a quest\u2019anno sani e salvi (senza bocciare) e di fare una bella gita.<\/p>\n\n\n\n<p class=\"wp-block-paragraph\">Saluti dalla 2C.<\/p>\n\n\n\n<figure class=\"wp-block-image size-large\"><a href=\"https:\/\/scuole.portaleragazzi.it\/calamandrei-2c\/files\/testata-2c-calamandrei-25_26-1280.jpg\"><img loading=\"lazy\" decoding=\"async\" width=\"1024\" height=\"471\" src=\"https:\/\/scuole.portaleragazzi.it\/calamandrei-2c\/files\/testata-2c-calamandrei-25_26-1280-1024x471.jpg\" alt=\"\" class=\"wp-image-1561\" srcset=\"https:\/\/scuole.portaleragazzi.it\/calamandrei-2c\/files\/testata-2c-calamandrei-25_26-1280-1024x471.jpg 1024w, https:\/\/scuole.portaleragazzi.it\/calamandrei-2c\/files\/testata-2c-calamandrei-25_26-1280-300x138.jpg 300w, https:\/\/scuole.portaleragazzi.it\/calamandrei-2c\/files\/testata-2c-calamandrei-25_26-1280-768x353.jpg 768w, https:\/\/scuole.portaleragazzi.it\/calamandrei-2c\/files\/testata-2c-calamandrei-25_26-1280.jpg 1280w\" sizes=\"auto, (max-width: 1024px) 100vw, 1024px\" \/><\/a><\/figure>\n","protected":false},"excerpt":{"rendered":"<p>Ciao noi siamo la 2C; quest\u2019anno siamo in 25, 17 maschi e 8 femmine.Quest\u2019anno la classe si \u00e8 arricchita di due nuovi compagni: Nikolas e Amanuel. Le parole preferite dai [&hellip;]<\/p>\n","protected":false},"author":118,"featured_media":1561,"parent":0,"menu_order":0,"comment_status":"open","ping_status":"closed","template":"","meta":{"_acf_changed":false,"_crdt_document":"","_uag_custom_page_level_css":"","footnotes":""},"class_list":["post-2","page","type-page","status-publish","has-post-thumbnail","hentry"],"acf":[],"uagb_featured_image_src":{"full":["https:\/\/scuole.portaleragazzi.it\/calamandrei-2c\/files\/testata-2c-calamandrei-25_26-1280.jpg",1280,589,false],"thumbnail":["https:\/\/scuole.portaleragazzi.it\/calamandrei-2c\/files\/testata-2c-calamandrei-25_26-1280-150x150.jpg",150,150,true],"medium":["https:\/\/scuole.portaleragazzi.it\/calamandrei-2c\/files\/testata-2c-calamandrei-25_26-1280-300x138.jpg",300,138,true],"medium_large":["https:\/\/scuole.portaleragazzi.it\/calamandrei-2c\/files\/testata-2c-calamandrei-25_26-1280-768x353.jpg",768,353,true],"large":["https:\/\/scuole.portaleragazzi.it\/calamandrei-2c\/files\/testata-2c-calamandrei-25_26-1280-1024x471.jpg",1024,471,true],"1536x1536":["https:\/\/scuole.portaleragazzi.it\/calamandrei-2c\/files\/testata-2c-calamandrei-25_26-1280.jpg",1280,589,false],"2048x2048":["https:\/\/scuole.portaleragazzi.it\/calamandrei-2c\/files\/testata-2c-calamandrei-25_26-1280.jpg",1280,589,false],"post-thumbnail":["https:\/\/scuole.portaleragazzi.it\/calamandrei-2c\/files\/testata-2c-calamandrei-25_26-1280-100x50.jpg",100,50,true],"fcrf_cover":["https:\/\/scuole.portaleragazzi.it\/calamandrei-2c\/files\/testata-2c-calamandrei-25_26-1280.jpg",1280,589,false],"fcrf_big":["https:\/\/scuole.portaleragazzi.it\/calamandrei-2c\/files\/testata-2c-calamandrei-25_26-1280.jpg",1280,589,false],"fcrf_quad":["https:\/\/scuole.portaleragazzi.it\/calamandrei-2c\/files\/testata-2c-calamandrei-25_26-1280-600x589.jpg",600,589,true],"fcrf_single":["https:\/\/scuole.portaleragazzi.it\/calamandrei-2c\/files\/testata-2c-calamandrei-25_26-1280-850x500.jpg",850,500,true],"fcrf_correlati":["https:\/\/scuole.portaleragazzi.it\/calamandrei-2c\/files\/testata-2c-calamandrei-25_26-1280-358x250.jpg",358,250,true],"fcrf_home":["https:\/\/scuole.portaleragazzi.it\/calamandrei-2c\/files\/testata-2c-calamandrei-25_26-1280-400x400.jpg",400,400,true],"fcrf_mosaico":["https:\/\/scuole.portaleragazzi.it\/calamandrei-2c\/files\/testata-2c-calamandrei-25_26-1280-600x400.jpg",600,400,true]},"uagb_author_info":{"display_name":"Admin","author_link":"https:\/\/scuole.portaleragazzi.it\/calamandrei-2c\/author\/portalesc\/"},"uagb_comment_info":0,"uagb_excerpt":"Ciao noi siamo la 2C; quest\u2019anno siamo in 25, 17 maschi e 8 femmine.Quest\u2019anno la classe si \u00e8 arricchita di due nuovi compagni: Nikolas e Amanuel. Le parole preferite dai [&hellip;]","_links":{"self":[{"href":"https:\/\/scuole.portaleragazzi.it\/calamandrei-2c\/wp-json\/wp\/v2\/pages\/2","targetHints":{"allow":["GET"]}}],"collection":[{"href":"https:\/\/scuole.portaleragazzi.it\/calamandrei-2c\/wp-json\/wp\/v2\/pages"}],"about":[{"href":"https:\/\/scuole.portaleragazzi.it\/calamandrei-2c\/wp-json\/wp\/v2\/types\/page"}],"author":[{"embeddable":true,"href":"https:\/\/scuole.portaleragazzi.it\/calamandrei-2c\/wp-json\/wp\/v2\/users\/118"}],"replies":[{"embeddable":true,"href":"https:\/\/scuole.portaleragazzi.it\/calamandrei-2c\/wp-json\/wp\/v2\/comments?post=2"}],"version-history":[{"count":34,"href":"https:\/\/scuole.portaleragazzi.it\/calamandrei-2c\/wp-json\/wp\/v2\/pages\/2\/revisions"}],"predecessor-version":[{"id":1567,"href":"https:\/\/scuole.portaleragazzi.it\/calamandrei-2c\/wp-json\/wp\/v2\/pages\/2\/revisions\/1567"}],"wp:featuredmedia":[{"embeddable":true,"href":"https:\/\/scuole.portaleragazzi.it\/calamandrei-2c\/wp-json\/wp\/v2\/media\/1561"}],"wp:attachment":[{"href":"https:\/\/scuole.portaleragazzi.it\/calamandrei-2c\/wp-json\/wp\/v2\/media?parent=2"}],"curies":[{"name":"wp","href":"https:\/\/api.w.org\/{rel}","templated":true}]}}