{"id":2,"date":"2013-11-16T18:47:17","date_gmt":"2013-11-16T17:47:17","guid":{"rendered":"http:\/\/scuole.portaleragazzi.it\/agnesi-4a\/?page_id=2"},"modified":"2025-12-19T00:10:52","modified_gmt":"2025-12-18T23:10:52","slug":"ci-presentiamo","status":"publish","type":"page","link":"https:\/\/scuole.portaleragazzi.it\/agnesi-4a\/ci-presentiamo\/","title":{"rendered":"Ci presentiamo&#8230;"},"content":{"rendered":"\n<p class=\"wp-block-paragraph\">La nostra classe.<br>8 femmine e 4 maschi,<br>il 12 formiamo,<br>pochi siamo, ma siam rumorosi.<br>In matematica studiamo,<br>in palestra urliamo:<br>\u201cPalla prigioniera\u201d!<br>\u201cPalla prigioniera\u201d!<br>A merenda scambiamo caramelle.<br>A mensa mangiam,<br>ci son persone che dicon<br>Bleh! altre Gnam!<br>A ricreazione,<br>il momento pi\u00f9 divertente,<br>ognuno di noi \u00e8 paziente.<br>Se di pi\u00f9 vuoi scoprire<br>Il nostro blog dovrai seguire!<br><strong><em>A cura di Alice<\/em><\/strong><\/p>\n\n\n\n<p class=\"wp-block-paragraph\">La nostra classe \u00e8 grande e nuova perch\u00e9 lo scorso anno stavamo in un\u2019altra aula.<br>\u00c8 formata da 12 bambini. I nostri banchi sino a forma di trapezio. Il venerd\u00ec andiamo in palestra e giochiamo a PALLA PRIGIONIERA. Il pranzo \u00e8 buono. Spesso giochiamo con gli amici di quinta a Schiaccia Tre. Questi film mi piacciono moltissimo: Casra way, Ritorno al futuro, Ghostbusters, ET e Mamma ho perso l\u2019aereo. Mi piace tantissimo giocare con i Lego.<br><strong><em>A cura di Niccol\u00f2 B.<\/em><\/strong><\/p>\n\n\n\n<p class=\"wp-block-paragraph\">Ciao a tutti! Noi siamo la classe 4 A Agnesi. Siamo 8 femmine e 4 maschie i nostri nomi sono: Nilde, Ada, Alice, Alissa, Farha, Lotta, Claudia, Niccol\u00f2 C., Dario, Lorenz, Niccol\u00f2 B., in tutto siamo 12; molto pochi rispetto alla 5 A, 3 A, 2 A, 1 A.<br>Il venerd\u00ec andiamo in palestra e facciamo tanti giochi, ma noi vogliamo fare soltanto palla prigioniera.<br>Io, Alice ed Ada abbiamo fatto tanti teams ma ce n\u2019\u00e8 uno molto bello: nel gruppo Stranger Things con noi giocano anche Niccol\u00f2 C. e Dario; altre volte giochiamo a Dangerous and Dragon con tutti gli altri compagni.<br>Le maestre sono: Alessandra, Donatella, Irene, Franca\u2026 Massi&#8230; Simone\u2026<br>La 4 A \u00e8 proprio bella.<br><strong><em>A cura di Nilde<\/em><\/strong><\/p>\n\n\n\n<p class=\"wp-block-paragraph\">Ciao, noi siamo la 4 A!<br>Siamo un po\u2019 pazzerelli,<br>Siamo 8 femmine e 4 maschi insieme formiamo un 12!<br>Ci chiamiamo \u2026 Alice, Ada, Alissa, Claudia, Carolina, Dario, Farha, Lorenz, Lotta, Nilde, Niccol\u00f2 B, Niccol\u00f2 C. In giardino corriamo come dei fulmini. Quando dobbiamo andare in classe insieme diciamo sempre: &#8211; \u201cMaestra: dai ancora 5 minuti!!!!!\u201d<br><strong><em>A cura di Farha<\/em><\/strong><\/p>\n\n\n\n<p class=\"wp-block-paragraph\">Ciao, noi siamo la 4 A della scuola Agnesi, siamo in tutti 12 (le femmine sono 8 e i maschi 4).<br>Noi siamo una classe molto rumorosa e casinista pi\u00f9 che altro a ricreazione.<br>Le mie materie preferite sono italiano, matematica e geografia.<br>Le aule scolastiche che preferisco sono: la biblioteca e l\u2019aula di arte.<br>A noi piace tanto andare in giardino perch\u00e9 l\u00ec, giochiamo e ci divertiamo. Ho inventato un gioco e l\u2019ho chiamato IL GIOCO DELLE COSE E DEGLI ANIMALI INVISIBILI.<br>Noi siamo dei bambini che veniamo da diversi paesi alcuni vicini, altri molto lontani.<br>Noi femmine ci chiamiamo; Alissa, Ada, Alice, Nilde, Farha, Lotta, Carolina ed io che sono Claudia.<br>I maschi invece si chiamano; Niccol\u00f2 B., Niccol\u00f2 C., Lorenz e Dario.<br>Speriamo che i nostri racconti vi piacciano.<br><strong><em>A cura di Claudia<\/em><\/strong><\/p>\n\n\n\n<p class=\"wp-block-paragraph\">Ciao! Noi siamo la 4 A della scuola Agnesi!<br>Siamo 8 femmine e 4 maschi e in tutto diventiamo 12.<br>Scusate non vi ho detto i nostri nomi: Niccol\u00f2 C., Niccol\u00f2 B., Ada, Lorenz, Nilde, Claudia, Alice, Farha, Lotta, Dario, Carolina e Alissa che sarei IO.<br>Quando piove noi restiamo in classe a giocare ad Uno oppure disegniamo, ma se stiamo al post scuola andiamo in palestra.<br>Noi femmine quando litighiamo e la discussione dura tanto, durante le lezioni ci mandiamo dei bigliettini per chiederci scusa.<br>Noi abbiamo tante maestre.<br>Ma ora voglio dirvi gli hobbies dei miei compagni:<br>Lorenz: giocare a calcio.<br>Nilde: leggere libri interessanti<br>Alice: Scrivere<br>Ada \u00ec: disegnare, creare pozioni<br>Claudia: ginnastica ritmica<br>Farha: Giocare a Roblox<br>Io: disegnare e leggere<br>Dario: Andare a pescare anche sott\u2019acqua<br>Niccol\u00f2 C.: giocare a basket<br>Niccol\u00f2 B.: giocare con il Lego, guardare films<br>Lotta: giocare con Farha.<br><strong><em>A cura di Alissa<\/em><\/strong><\/p>\n\n\n\n<p class=\"wp-block-paragraph\">La nostra classe \u00e8 la 4 A Agnesi. Siamo in 12, 4 maschi e 8 femmine. A noi piace giocare a PALLA PRIGIONIERA.<br>Le mie materie preferite sono: matematica ed arte. Veniamo tutti da nazioni diverse; perci\u00f2 alcuni parlano anche altre lingue oltre l\u2019italiano e l\u2019inglese e mangiano cibi diversi.<br>Spero tanto che i nostri racconti vi piaceranno.<br><strong><em>A cura di Lorenz<\/em><\/strong><\/p>\n\n\n\n<p class=\"wp-block-paragraph\">Ciao, mi chiamo Dario e frequento la classe 4 A Agnesi.<br>In classe siamo in 12.<br>Le mie materie preferite sono: matematica, geometria, scienze ed educazione fisica. Mi piace giocare a Uno con Lorenz e durante la ricreazione in giardino gioco a palla con tutti.<br><strong><em>A cura di Dario<\/em><\/strong><\/p>\n\n\n\n<figure class=\"wp-block-image size-full\"><a href=\"https:\/\/scuole.portaleragazzi.it\/agnesi-4a\/files\/testate-agnesi4a_25-26-1.jpg\"><img loading=\"lazy\" decoding=\"async\" width=\"800\" height=\"341\" src=\"https:\/\/scuole.portaleragazzi.it\/agnesi-4a\/files\/testate-agnesi4a_25-26-1.jpg\" alt=\"\" class=\"wp-image-1344\" srcset=\"https:\/\/scuole.portaleragazzi.it\/agnesi-4a\/files\/testate-agnesi4a_25-26-1.jpg 800w, https:\/\/scuole.portaleragazzi.it\/agnesi-4a\/files\/testate-agnesi4a_25-26-1-300x128.jpg 300w, https:\/\/scuole.portaleragazzi.it\/agnesi-4a\/files\/testate-agnesi4a_25-26-1-768x327.jpg 768w\" sizes=\"auto, (max-width: 800px) 100vw, 800px\" \/><\/a><\/figure>\n\n\n\n<figure class=\"wp-block-image size-full\"><a href=\"https:\/\/scuole.portaleragazzi.it\/agnesi-4a\/files\/testate-agnesi4a_25-26-2.jpg\"><img loading=\"lazy\" decoding=\"async\" width=\"800\" height=\"640\" src=\"https:\/\/scuole.portaleragazzi.it\/agnesi-4a\/files\/testate-agnesi4a_25-26-2.jpg\" alt=\"\" class=\"wp-image-1345\" srcset=\"https:\/\/scuole.portaleragazzi.it\/agnesi-4a\/files\/testate-agnesi4a_25-26-2.jpg 800w, https:\/\/scuole.portaleragazzi.it\/agnesi-4a\/files\/testate-agnesi4a_25-26-2-300x240.jpg 300w, https:\/\/scuole.portaleragazzi.it\/agnesi-4a\/files\/testate-agnesi4a_25-26-2-768x614.jpg 768w\" sizes=\"auto, (max-width: 800px) 100vw, 800px\" \/><\/a><\/figure>\n\n\n\n<figure class=\"wp-block-image size-full\"><a href=\"https:\/\/scuole.portaleragazzi.it\/agnesi-4a\/files\/testate-agnesi4a_25-26-3.jpg\"><img loading=\"lazy\" decoding=\"async\" width=\"800\" height=\"621\" src=\"https:\/\/scuole.portaleragazzi.it\/agnesi-4a\/files\/testate-agnesi4a_25-26-3.jpg\" alt=\"\" class=\"wp-image-1346\" srcset=\"https:\/\/scuole.portaleragazzi.it\/agnesi-4a\/files\/testate-agnesi4a_25-26-3.jpg 800w, https:\/\/scuole.portaleragazzi.it\/agnesi-4a\/files\/testate-agnesi4a_25-26-3-300x233.jpg 300w, https:\/\/scuole.portaleragazzi.it\/agnesi-4a\/files\/testate-agnesi4a_25-26-3-768x596.jpg 768w\" sizes=\"auto, (max-width: 800px) 100vw, 800px\" \/><\/a><\/figure>\n\n\n\n<figure class=\"wp-block-image size-full\"><a href=\"https:\/\/scuole.portaleragazzi.it\/agnesi-4a\/files\/testate-agnesi4a_25-26-4.jpg\"><img loading=\"lazy\" decoding=\"async\" width=\"800\" height=\"292\" src=\"https:\/\/scuole.portaleragazzi.it\/agnesi-4a\/files\/testate-agnesi4a_25-26-4.jpg\" alt=\"\" class=\"wp-image-1347\" srcset=\"https:\/\/scuole.portaleragazzi.it\/agnesi-4a\/files\/testate-agnesi4a_25-26-4.jpg 800w, https:\/\/scuole.portaleragazzi.it\/agnesi-4a\/files\/testate-agnesi4a_25-26-4-300x110.jpg 300w, https:\/\/scuole.portaleragazzi.it\/agnesi-4a\/files\/testate-agnesi4a_25-26-4-768x280.jpg 768w\" sizes=\"auto, (max-width: 800px) 100vw, 800px\" \/><\/a><\/figure>\n\n\n\n<figure class=\"wp-block-image size-full\"><a href=\"https:\/\/scuole.portaleragazzi.it\/agnesi-4a\/files\/loghi-agnesi4a_25-26-1.jpg\"><img loading=\"lazy\" decoding=\"async\" width=\"800\" height=\"650\" src=\"https:\/\/scuole.portaleragazzi.it\/agnesi-4a\/files\/loghi-agnesi4a_25-26-1.jpg\" alt=\"\" class=\"wp-image-1348\" srcset=\"https:\/\/scuole.portaleragazzi.it\/agnesi-4a\/files\/loghi-agnesi4a_25-26-1.jpg 800w, https:\/\/scuole.portaleragazzi.it\/agnesi-4a\/files\/loghi-agnesi4a_25-26-1-300x244.jpg 300w, https:\/\/scuole.portaleragazzi.it\/agnesi-4a\/files\/loghi-agnesi4a_25-26-1-768x624.jpg 768w\" sizes=\"auto, (max-width: 800px) 100vw, 800px\" \/><\/a><\/figure>\n\n\n\n<figure class=\"wp-block-image size-full\"><a href=\"https:\/\/scuole.portaleragazzi.it\/agnesi-4a\/files\/loghi-agnesi4a_25-26-2.jpg\"><img loading=\"lazy\" decoding=\"async\" width=\"800\" height=\"779\" src=\"https:\/\/scuole.portaleragazzi.it\/agnesi-4a\/files\/loghi-agnesi4a_25-26-2.jpg\" alt=\"\" class=\"wp-image-1349\" srcset=\"https:\/\/scuole.portaleragazzi.it\/agnesi-4a\/files\/loghi-agnesi4a_25-26-2.jpg 800w, https:\/\/scuole.portaleragazzi.it\/agnesi-4a\/files\/loghi-agnesi4a_25-26-2-300x292.jpg 300w, https:\/\/scuole.portaleragazzi.it\/agnesi-4a\/files\/loghi-agnesi4a_25-26-2-768x748.jpg 768w\" sizes=\"auto, (max-width: 800px) 100vw, 800px\" \/><\/a><\/figure>\n\n\n\n<figure class=\"wp-block-image size-full\"><a href=\"https:\/\/scuole.portaleragazzi.it\/agnesi-4a\/files\/loghi-agnesi4a_25-26-3.jpg\"><img loading=\"lazy\" decoding=\"async\" width=\"800\" height=\"778\" src=\"https:\/\/scuole.portaleragazzi.it\/agnesi-4a\/files\/loghi-agnesi4a_25-26-3.jpg\" alt=\"\" class=\"wp-image-1350\" srcset=\"https:\/\/scuole.portaleragazzi.it\/agnesi-4a\/files\/loghi-agnesi4a_25-26-3.jpg 800w, https:\/\/scuole.portaleragazzi.it\/agnesi-4a\/files\/loghi-agnesi4a_25-26-3-300x292.jpg 300w, https:\/\/scuole.portaleragazzi.it\/agnesi-4a\/files\/loghi-agnesi4a_25-26-3-768x747.jpg 768w\" sizes=\"auto, (max-width: 800px) 100vw, 800px\" \/><\/a><\/figure>\n","protected":false},"excerpt":{"rendered":"<p>La nostra classe.8 femmine e 4 maschi,il 12 formiamo,pochi siamo, ma siam rumorosi.In matematica studiamo,in palestra urliamo:\u201cPalla prigioniera\u201d!\u201cPalla prigioniera\u201d!A merenda scambiamo caramelle.A mensa mangiam,ci son persone che diconBleh! altre Gnam!A [&hellip;]<\/p>\n","protected":false},"author":118,"featured_media":1343,"parent":0,"menu_order":0,"comment_status":"open","ping_status":"closed","template":"","meta":{"_acf_changed":false,"_crdt_document":"","_uag_custom_page_level_css":"","footnotes":""},"class_list":["post-2","page","type-page","status-publish","has-post-thumbnail","hentry"],"acf":[],"uagb_featured_image_src":{"full":["https:\/\/scuole.portaleragazzi.it\/agnesi-4a\/files\/testata-agnesi4a_25-26-1280.jpg",1280,414,false],"thumbnail":["https:\/\/scuole.portaleragazzi.it\/agnesi-4a\/files\/testata-agnesi4a_25-26-1280-150x150.jpg",150,150,true],"medium":["https:\/\/scuole.portaleragazzi.it\/agnesi-4a\/files\/testata-agnesi4a_25-26-1280-300x97.jpg",300,97,true],"medium_large":["https:\/\/scuole.portaleragazzi.it\/agnesi-4a\/files\/testata-agnesi4a_25-26-1280-768x248.jpg",768,248,true],"large":["https:\/\/scuole.portaleragazzi.it\/agnesi-4a\/files\/testata-agnesi4a_25-26-1280-1024x331.jpg",1024,331,true],"1536x1536":["https:\/\/scuole.portaleragazzi.it\/agnesi-4a\/files\/testata-agnesi4a_25-26-1280.jpg",1280,414,false],"2048x2048":["https:\/\/scuole.portaleragazzi.it\/agnesi-4a\/files\/testata-agnesi4a_25-26-1280.jpg",1280,414,false],"post-thumbnail":["https:\/\/scuole.portaleragazzi.it\/agnesi-4a\/files\/testata-agnesi4a_25-26-1280-100x50.jpg",100,50,true],"fcrf_cover":["https:\/\/scuole.portaleragazzi.it\/agnesi-4a\/files\/testata-agnesi4a_25-26-1280.jpg",1280,414,false],"fcrf_big":["https:\/\/scuole.portaleragazzi.it\/agnesi-4a\/files\/testata-agnesi4a_25-26-1280.jpg",1280,414,false],"fcrf_quad":["https:\/\/scuole.portaleragazzi.it\/agnesi-4a\/files\/testata-agnesi4a_25-26-1280-600x414.jpg",600,414,true],"fcrf_single":["https:\/\/scuole.portaleragazzi.it\/agnesi-4a\/files\/testata-agnesi4a_25-26-1280-850x414.jpg",850,414,true],"fcrf_correlati":["https:\/\/scuole.portaleragazzi.it\/agnesi-4a\/files\/testata-agnesi4a_25-26-1280-358x250.jpg",358,250,true],"fcrf_home":["https:\/\/scuole.portaleragazzi.it\/agnesi-4a\/files\/testata-agnesi4a_25-26-1280-400x400.jpg",400,400,true],"fcrf_mosaico":["https:\/\/scuole.portaleragazzi.it\/agnesi-4a\/files\/testata-agnesi4a_25-26-1280-600x400.jpg",600,400,true]},"uagb_author_info":{"display_name":"Admin","author_link":"https:\/\/scuole.portaleragazzi.it\/agnesi-4a\/author\/portalesc\/"},"uagb_comment_info":0,"uagb_excerpt":"La nostra classe.8 femmine e 4 maschi,il 12 formiamo,pochi siamo, ma siam rumorosi.In matematica studiamo,in palestra urliamo:\u201cPalla prigioniera\u201d!\u201cPalla prigioniera\u201d!A merenda scambiamo caramelle.A mensa mangiam,ci son persone che diconBleh! altre Gnam!A [&hellip;]","_links":{"self":[{"href":"https:\/\/scuole.portaleragazzi.it\/agnesi-4a\/wp-json\/wp\/v2\/pages\/2","targetHints":{"allow":["GET"]}}],"collection":[{"href":"https:\/\/scuole.portaleragazzi.it\/agnesi-4a\/wp-json\/wp\/v2\/pages"}],"about":[{"href":"https:\/\/scuole.portaleragazzi.it\/agnesi-4a\/wp-json\/wp\/v2\/types\/page"}],"author":[{"embeddable":true,"href":"https:\/\/scuole.portaleragazzi.it\/agnesi-4a\/wp-json\/wp\/v2\/users\/118"}],"replies":[{"embeddable":true,"href":"https:\/\/scuole.portaleragazzi.it\/agnesi-4a\/wp-json\/wp\/v2\/comments?post=2"}],"version-history":[{"count":34,"href":"https:\/\/scuole.portaleragazzi.it\/agnesi-4a\/wp-json\/wp\/v2\/pages\/2\/revisions"}],"predecessor-version":[{"id":1351,"href":"https:\/\/scuole.portaleragazzi.it\/agnesi-4a\/wp-json\/wp\/v2\/pages\/2\/revisions\/1351"}],"wp:featuredmedia":[{"embeddable":true,"href":"https:\/\/scuole.portaleragazzi.it\/agnesi-4a\/wp-json\/wp\/v2\/media\/1343"}],"wp:attachment":[{"href":"https:\/\/scuole.portaleragazzi.it\/agnesi-4a\/wp-json\/wp\/v2\/media?parent=2"}],"curies":[{"name":"wp","href":"https:\/\/api.w.org\/{rel}","templated":true}]}}